{"id":17637,"date":"2022-06-24T12:54:19","date_gmt":"2022-06-24T10:54:19","guid":{"rendered":"http:\/\/www.hapy-com.fr\/echoppe\/product\/trousse-nayxo\/"},"modified":"2022-06-24T12:54:19","modified_gmt":"2022-06-24T10:54:19","slug":"trousse-nayxo","status":"publish","type":"product","link":"https:\/\/www.hapy-com.fr\/echoppe\/product\/trousse-nayxo\/","title":{"rendered":"Trousse Nayxo"},"content":{"rendered":"<p>Trousse dans un \u00e9l\u00e9gant polyester 600D.M\u00e9lange de couleurs noire et blanche Compartiment principal zipp\u00e9.<\/p>\n","protected":false},"excerpt":{"rendered":"<p>Trousse dans un \u00e9l\u00e9gant polyester 600D.M\u00e9lange de couleurs noire et blanche Compartiment principal zipp\u00e9.<\/p>\n","protected":false},"featured_media":17636,"template":"","meta":[],"product_cat":[334],"product_tag":[],"class_list":{"0":"post-17637","1":"product","2":"type-product","3":"status-publish","4":"has-post-thumbnail","6":"product_cat-textile","8":"first","9":"instock","10":"shipping-taxable","11":"purchasable","12":"product-type-simple"},"_links":{"self":[{"href":"https:\/\/www.hapy-com.fr\/echoppe\/wp-json\/wp\/v2\/product\/17637","targetHints":{"allow":["GET"]}}],"collection":[{"href":"https:\/\/www.hapy-com.fr\/echoppe\/wp-json\/wp\/v2\/product"}],"about":[{"href":"https:\/\/www.hapy-com.fr\/echoppe\/wp-json\/wp\/v2\/types\/product"}],"wp:featuredmedia":[{"embeddable":true,"href":"https:\/\/www.hapy-com.fr\/echoppe\/wp-json\/wp\/v2\/media\/17636"}],"wp:attachment":[{"href":"https:\/\/www.hapy-com.fr\/echoppe\/wp-json\/wp\/v2\/media?parent=17637"}],"wp:term":[{"taxonomy":"product_cat","embeddable":true,"href":"https:\/\/www.hapy-com.fr\/echoppe\/wp-json\/wp\/v2\/product_cat?post=17637"},{"taxonomy":"product_tag","embeddable":true,"href":"https:\/\/www.hapy-com.fr\/echoppe\/wp-json\/wp\/v2\/product_tag?post=17637"}],"curies":[{"name":"wp","href":"https:\/\/api.w.org\/{rel}","templated":true}]}}