{"id":17646,"date":"2022-06-24T12:54:27","date_gmt":"2022-06-24T10:54:27","guid":{"rendered":"http:\/\/www.hapy-com.fr\/echoppe\/product\/gant-cuisine-silax\/"},"modified":"2022-06-24T12:54:27","modified_gmt":"2022-06-24T10:54:27","slug":"gant-cuisine-silax","status":"publish","type":"product","link":"https:\/\/www.hapy-com.fr\/echoppe\/product\/gant-cuisine-silax\/","title":{"rendered":"Gant Cuisine Silax"},"content":{"rendered":"<p>Gant de cuisine en 100% polyester doux, blanc avec liser\u00e9s aux couleurs vives. Avec une face lisse sp\u00e9cialement pr\u00e9vue pour la sublimation. Cordon d\u00b4accroche.<\/p>\n","protected":false},"excerpt":{"rendered":"<p>Gant de cuisine en 100% polyester doux, blanc avec liser\u00e9s aux couleurs vives. Avec une face lisse sp\u00e9cialement pr\u00e9vue pour la sublimation. Cordon d\u00b4accroche.<\/p>\n","protected":false},"featured_media":17644,"template":"","meta":[],"product_cat":[334],"product_tag":[],"class_list":{"0":"post-17646","1":"product","2":"type-product","3":"status-publish","4":"has-post-thumbnail","6":"product_cat-textile","8":"first","9":"instock","10":"shipping-taxable","11":"purchasable","12":"product-type-simple"},"_links":{"self":[{"href":"https:\/\/www.hapy-com.fr\/echoppe\/wp-json\/wp\/v2\/product\/17646","targetHints":{"allow":["GET"]}}],"collection":[{"href":"https:\/\/www.hapy-com.fr\/echoppe\/wp-json\/wp\/v2\/product"}],"about":[{"href":"https:\/\/www.hapy-com.fr\/echoppe\/wp-json\/wp\/v2\/types\/product"}],"wp:featuredmedia":[{"embeddable":true,"href":"https:\/\/www.hapy-com.fr\/echoppe\/wp-json\/wp\/v2\/media\/17644"}],"wp:attachment":[{"href":"https:\/\/www.hapy-com.fr\/echoppe\/wp-json\/wp\/v2\/media?parent=17646"}],"wp:term":[{"taxonomy":"product_cat","embeddable":true,"href":"https:\/\/www.hapy-com.fr\/echoppe\/wp-json\/wp\/v2\/product_cat?post=17646"},{"taxonomy":"product_tag","embeddable":true,"href":"https:\/\/www.hapy-com.fr\/echoppe\/wp-json\/wp\/v2\/product_tag?post=17646"}],"curies":[{"name":"wp","href":"https:\/\/api.w.org\/{rel}","templated":true}]}}