{"id":17665,"date":"2022-06-24T12:54:38","date_gmt":"2022-06-24T10:54:38","guid":{"rendered":"http:\/\/www.hapy-com.fr\/echoppe\/product\/casquette-yobs-2\/"},"modified":"2022-07-05T21:26:46","modified_gmt":"2022-07-05T19:26:46","slug":"casquette-yobs-2","status":"publish","type":"product","link":"https:\/\/www.hapy-com.fr\/echoppe\/product\/casquette-yobs-2\/","title":{"rendered":"Casquette Yobs"},"content":{"rendered":"<p>Casquette \u00e0 5 panneaux avec visi\u00e8re plate matelass\u00e9e et dos en filet assorti. Tissu 100% polyester avec finition douce et fermoir r\u00e9glable en plastique. Gamme vari\u00e9e de couleurs vives.<\/p>\n","protected":false},"excerpt":{"rendered":"<p>Casquette \u00e0 5 panneaux avec visi\u00e8re plate matelass\u00e9e et dos en filet assorti. Tissu 100% polyester avec finition douce et fermoir r\u00e9glable en plastique. Gamme vari\u00e9e de couleurs vives.<\/p>\n","protected":false},"featured_media":17663,"template":"","meta":[],"product_cat":[446,334],"product_tag":[],"class_list":{"0":"post-17665","1":"product","2":"type-product","3":"status-publish","4":"has-post-thumbnail","6":"product_cat-casquette-et-visiere-casquettes-et-chapeaux","7":"product_cat-textile","9":"first","10":"instock","11":"shipping-taxable","12":"purchasable","13":"product-type-simple"},"_links":{"self":[{"href":"https:\/\/www.hapy-com.fr\/echoppe\/wp-json\/wp\/v2\/product\/17665","targetHints":{"allow":["GET"]}}],"collection":[{"href":"https:\/\/www.hapy-com.fr\/echoppe\/wp-json\/wp\/v2\/product"}],"about":[{"href":"https:\/\/www.hapy-com.fr\/echoppe\/wp-json\/wp\/v2\/types\/product"}],"wp:featuredmedia":[{"embeddable":true,"href":"https:\/\/www.hapy-com.fr\/echoppe\/wp-json\/wp\/v2\/media\/17663"}],"wp:attachment":[{"href":"https:\/\/www.hapy-com.fr\/echoppe\/wp-json\/wp\/v2\/media?parent=17665"}],"wp:term":[{"taxonomy":"product_cat","embeddable":true,"href":"https:\/\/www.hapy-com.fr\/echoppe\/wp-json\/wp\/v2\/product_cat?post=17665"},{"taxonomy":"product_tag","embeddable":true,"href":"https:\/\/www.hapy-com.fr\/echoppe\/wp-json\/wp\/v2\/product_tag?post=17665"}],"curies":[{"name":"wp","href":"https:\/\/api.w.org\/{rel}","templated":true}]}}