{"id":17671,"date":"2022-06-24T12:54:43","date_gmt":"2022-06-24T10:54:43","guid":{"rendered":"http:\/\/www.hapy-com.fr\/echoppe\/product\/casquette-yobs-5\/"},"modified":"2022-07-05T21:26:47","modified_gmt":"2022-07-05T19:26:47","slug":"casquette-yobs-5","status":"publish","type":"product","link":"https:\/\/www.hapy-com.fr\/echoppe\/product\/casquette-yobs-5\/","title":{"rendered":"Casquette Yobs"},"content":{"rendered":"<p>Casquette \u00e0 5 panneaux avec visi\u00e8re plate matelass\u00e9e et dos en filet assorti. Tissu 100% polyester avec finition douce et fermoir r\u00e9glable en plastique. Gamme vari\u00e9e de couleurs vives.<\/p>\n","protected":false},"excerpt":{"rendered":"<p>Casquette \u00e0 5 panneaux avec visi\u00e8re plate matelass\u00e9e et dos en filet assorti. Tissu 100% polyester avec finition douce et fermoir r\u00e9glable en plastique. Gamme vari\u00e9e de couleurs vives.<\/p>\n","protected":false},"featured_media":17670,"template":"","meta":[],"product_cat":[446,334],"product_tag":[],"class_list":{"0":"post-17671","1":"product","2":"type-product","3":"status-publish","4":"has-post-thumbnail","6":"product_cat-casquette-et-visiere-casquettes-et-chapeaux","7":"product_cat-textile","9":"first","10":"instock","11":"shipping-taxable","12":"purchasable","13":"product-type-simple"},"_links":{"self":[{"href":"https:\/\/www.hapy-com.fr\/echoppe\/wp-json\/wp\/v2\/product\/17671","targetHints":{"allow":["GET"]}}],"collection":[{"href":"https:\/\/www.hapy-com.fr\/echoppe\/wp-json\/wp\/v2\/product"}],"about":[{"href":"https:\/\/www.hapy-com.fr\/echoppe\/wp-json\/wp\/v2\/types\/product"}],"wp:featuredmedia":[{"embeddable":true,"href":"https:\/\/www.hapy-com.fr\/echoppe\/wp-json\/wp\/v2\/media\/17670"}],"wp:attachment":[{"href":"https:\/\/www.hapy-com.fr\/echoppe\/wp-json\/wp\/v2\/media?parent=17671"}],"wp:term":[{"taxonomy":"product_cat","embeddable":true,"href":"https:\/\/www.hapy-com.fr\/echoppe\/wp-json\/wp\/v2\/product_cat?post=17671"},{"taxonomy":"product_tag","embeddable":true,"href":"https:\/\/www.hapy-com.fr\/echoppe\/wp-json\/wp\/v2\/product_tag?post=17671"}],"curies":[{"name":"wp","href":"https:\/\/api.w.org\/{rel}","templated":true}]}}