{"id":17681,"date":"2022-06-24T12:54:50","date_gmt":"2022-06-24T10:54:50","guid":{"rendered":"http:\/\/www.hapy-com.fr\/echoppe\/product\/tour-de-cou-et-bonnet-ponkar-3\/"},"modified":"2022-07-05T21:55:09","modified_gmt":"2022-07-05T19:55:09","slug":"tour-de-cou-et-bonnet-ponkar-3","status":"publish","type":"product","link":"https:\/\/www.hapy-com.fr\/echoppe\/product\/tour-de-cou-et-bonnet-ponkar-3\/","title":{"rendered":"Tour de Cou et Bonnet Ponkar"},"content":{"rendered":"<p>Tour de cou de haute qualit\u00e9 pour le cou ou la t\u00eate en combinaison de polyester \/ \u00e9lasthanne et de molleton de 280 g \/ m2. Couleur blanche id\u00e9ale pour la sublimation et reste de la gamme de couleurs id\u00e9ale pour une impression facile. Avec accessoires en noir et fermeture \u00e0 lacet avec accessoire de r\u00e9glage.<\/p>\n","protected":false},"excerpt":{"rendered":"<p>Tour de cou de haute qualit\u00e9 pour le cou ou la t\u00eate en combinaison de polyester \/ \u00e9lasthanne et de molleton de 280 g \/ m2. Couleur blanche id\u00e9ale pour&#8230;<\/p>\n","protected":false},"featured_media":17680,"template":"","meta":[],"product_cat":[334,461],"product_tag":[],"class_list":{"0":"post-17681","1":"product","2":"type-product","3":"status-publish","4":"has-post-thumbnail","6":"product_cat-textile","7":"product_cat-tour-de-cou","9":"first","10":"instock","11":"shipping-taxable","12":"purchasable","13":"product-type-simple"},"_links":{"self":[{"href":"https:\/\/www.hapy-com.fr\/echoppe\/wp-json\/wp\/v2\/product\/17681","targetHints":{"allow":["GET"]}}],"collection":[{"href":"https:\/\/www.hapy-com.fr\/echoppe\/wp-json\/wp\/v2\/product"}],"about":[{"href":"https:\/\/www.hapy-com.fr\/echoppe\/wp-json\/wp\/v2\/types\/product"}],"wp:featuredmedia":[{"embeddable":true,"href":"https:\/\/www.hapy-com.fr\/echoppe\/wp-json\/wp\/v2\/media\/17680"}],"wp:attachment":[{"href":"https:\/\/www.hapy-com.fr\/echoppe\/wp-json\/wp\/v2\/media?parent=17681"}],"wp:term":[{"taxonomy":"product_cat","embeddable":true,"href":"https:\/\/www.hapy-com.fr\/echoppe\/wp-json\/wp\/v2\/product_cat?post=17681"},{"taxonomy":"product_tag","embeddable":true,"href":"https:\/\/www.hapy-com.fr\/echoppe\/wp-json\/wp\/v2\/product_tag?post=17681"}],"curies":[{"name":"wp","href":"https:\/\/api.w.org\/{rel}","templated":true}]}}