{"id":17697,"date":"2022-06-24T12:55:02","date_gmt":"2022-06-24T10:55:02","guid":{"rendered":"http:\/\/www.hapy-com.fr\/echoppe\/product\/bonnet-folten-4\/"},"modified":"2022-07-05T20:57:57","modified_gmt":"2022-07-05T18:57:57","slug":"bonnet-folten-4","status":"publish","type":"product","link":"https:\/\/www.hapy-com.fr\/echoppe\/product\/bonnet-folten-4\/","title":{"rendered":"Bonnet Folten"},"content":{"rendered":"<p>Bonnet de sport de haute qualit\u00e9 en combinaison de polyester \/ \u00e9lasthanne et de molleton de 280 g \/ m2. Couleur blanche id\u00e9ale pour la sublimation et reste de la gamme de couleurs id\u00e9ale pour une impression facile. R\u00e9glage confortable.<\/p>\n","protected":false},"excerpt":{"rendered":"<p>Bonnet de sport de haute qualit\u00e9 en combinaison de polyester \/ \u00e9lasthanne et de molleton de 280 g \/ m2. Couleur blanche id\u00e9ale pour la sublimation et reste de la&#8230;<\/p>\n","protected":false},"featured_media":17696,"template":"","meta":[],"product_cat":[443,334],"product_tag":[],"class_list":{"0":"post-17697","1":"product","2":"type-product","3":"status-publish","4":"has-post-thumbnail","6":"product_cat-bonnet","7":"product_cat-textile","9":"first","10":"instock","11":"shipping-taxable","12":"purchasable","13":"product-type-simple"},"_links":{"self":[{"href":"https:\/\/www.hapy-com.fr\/echoppe\/wp-json\/wp\/v2\/product\/17697","targetHints":{"allow":["GET"]}}],"collection":[{"href":"https:\/\/www.hapy-com.fr\/echoppe\/wp-json\/wp\/v2\/product"}],"about":[{"href":"https:\/\/www.hapy-com.fr\/echoppe\/wp-json\/wp\/v2\/types\/product"}],"wp:featuredmedia":[{"embeddable":true,"href":"https:\/\/www.hapy-com.fr\/echoppe\/wp-json\/wp\/v2\/media\/17696"}],"wp:attachment":[{"href":"https:\/\/www.hapy-com.fr\/echoppe\/wp-json\/wp\/v2\/media?parent=17697"}],"wp:term":[{"taxonomy":"product_cat","embeddable":true,"href":"https:\/\/www.hapy-com.fr\/echoppe\/wp-json\/wp\/v2\/product_cat?post=17697"},{"taxonomy":"product_tag","embeddable":true,"href":"https:\/\/www.hapy-com.fr\/echoppe\/wp-json\/wp\/v2\/product_tag?post=17697"}],"curies":[{"name":"wp","href":"https:\/\/api.w.org\/{rel}","templated":true}]}}