{"id":17720,"date":"2022-06-24T12:55:22","date_gmt":"2022-06-24T10:55:22","guid":{"rendered":"http:\/\/www.hapy-com.fr\/echoppe\/product\/serviette-absorbante-romid-2\/"},"modified":"2022-06-24T12:55:22","modified_gmt":"2022-06-24T10:55:22","slug":"serviette-absorbante-romid-2","status":"publish","type":"product","link":"https:\/\/www.hapy-com.fr\/echoppe\/product\/serviette-absorbante-romid-2\/","title":{"rendered":"Serviette Absorbante Romid"},"content":{"rendered":"<p>Serviette absorbante en microfibre. En taille XL -75&#215;150 cm et 260g \/ m2. Conception bicolore avec bande blanche pour une impression facile. Disponible dans une vari\u00e9t\u00e9 de couleurs diff\u00e9rentes. *Pour les commandes avec impression, le co\u00fbt du marquage doit \u00eatre major\u00e9 de + 0,20 \/ unit\u00e9 pour traitement sp\u00e9cial.*<\/p>\n","protected":false},"excerpt":{"rendered":"<p>Serviette absorbante en microfibre. En taille XL -75&#215;150 cm et 260g \/ m2. Conception bicolore avec bande blanche pour une impression facile. Disponible dans une vari\u00e9t\u00e9 de couleurs diff\u00e9rentes. *Pour&#8230;<\/p>\n","protected":false},"featured_media":17719,"template":"","meta":[],"product_cat":[334],"product_tag":[],"class_list":{"0":"post-17720","1":"product","2":"type-product","3":"status-publish","4":"has-post-thumbnail","6":"product_cat-textile","8":"first","9":"instock","10":"shipping-taxable","11":"purchasable","12":"product-type-simple"},"_links":{"self":[{"href":"https:\/\/www.hapy-com.fr\/echoppe\/wp-json\/wp\/v2\/product\/17720","targetHints":{"allow":["GET"]}}],"collection":[{"href":"https:\/\/www.hapy-com.fr\/echoppe\/wp-json\/wp\/v2\/product"}],"about":[{"href":"https:\/\/www.hapy-com.fr\/echoppe\/wp-json\/wp\/v2\/types\/product"}],"wp:featuredmedia":[{"embeddable":true,"href":"https:\/\/www.hapy-com.fr\/echoppe\/wp-json\/wp\/v2\/media\/17719"}],"wp:attachment":[{"href":"https:\/\/www.hapy-com.fr\/echoppe\/wp-json\/wp\/v2\/media?parent=17720"}],"wp:term":[{"taxonomy":"product_cat","embeddable":true,"href":"https:\/\/www.hapy-com.fr\/echoppe\/wp-json\/wp\/v2\/product_cat?post=17720"},{"taxonomy":"product_tag","embeddable":true,"href":"https:\/\/www.hapy-com.fr\/echoppe\/wp-json\/wp\/v2\/product_tag?post=17720"}],"curies":[{"name":"wp","href":"https:\/\/api.w.org\/{rel}","templated":true}]}}