{"id":17748,"date":"2022-06-24T12:55:47","date_gmt":"2022-06-24T10:55:47","guid":{"rendered":"http:\/\/www.hapy-com.fr\/echoppe\/product\/sac-sublimation-wercal\/"},"modified":"2022-07-05T21:44:05","modified_gmt":"2022-07-05T19:44:05","slug":"sac-sublimation-wercal","status":"publish","type":"product","link":"https:\/\/www.hapy-com.fr\/echoppe\/product\/sac-sublimation-wercal\/","title":{"rendered":"Sac Sublimation Wercal"},"content":{"rendered":"<p>Sac en non-tiss\u00e9 de 80g \/m2 avec une finition thermoscell\u00e9e. Sp\u00e9cialement con\u00e7u pour la sublimation. R\u00e9sistance jusqu\u00b4\u00e0 6 kg.<\/p>\n","protected":false},"excerpt":{"rendered":"<p>Sac en non-tiss\u00e9 de 80g \/m2 avec une finition thermoscell\u00e9e. Sp\u00e9cialement con\u00e7u pour la sublimation. R\u00e9sistance jusqu\u00b4\u00e0 6 kg.<\/p>\n","protected":false},"featured_media":17746,"template":"","meta":[],"product_cat":[457,334],"product_tag":[],"class_list":{"0":"post-17748","1":"product","2":"type-product","3":"status-publish","4":"has-post-thumbnail","6":"product_cat-sac","7":"product_cat-textile","9":"first","10":"instock","11":"shipping-taxable","12":"purchasable","13":"product-type-simple"},"_links":{"self":[{"href":"https:\/\/www.hapy-com.fr\/echoppe\/wp-json\/wp\/v2\/product\/17748","targetHints":{"allow":["GET"]}}],"collection":[{"href":"https:\/\/www.hapy-com.fr\/echoppe\/wp-json\/wp\/v2\/product"}],"about":[{"href":"https:\/\/www.hapy-com.fr\/echoppe\/wp-json\/wp\/v2\/types\/product"}],"wp:featuredmedia":[{"embeddable":true,"href":"https:\/\/www.hapy-com.fr\/echoppe\/wp-json\/wp\/v2\/media\/17746"}],"wp:attachment":[{"href":"https:\/\/www.hapy-com.fr\/echoppe\/wp-json\/wp\/v2\/media?parent=17748"}],"wp:term":[{"taxonomy":"product_cat","embeddable":true,"href":"https:\/\/www.hapy-com.fr\/echoppe\/wp-json\/wp\/v2\/product_cat?post=17748"},{"taxonomy":"product_tag","embeddable":true,"href":"https:\/\/www.hapy-com.fr\/echoppe\/wp-json\/wp\/v2\/product_tag?post=17748"}],"curies":[{"name":"wp","href":"https:\/\/api.w.org\/{rel}","templated":true}]}}