{"id":17769,"date":"2022-06-24T12:56:06","date_gmt":"2022-06-24T10:56:06","guid":{"rendered":"http:\/\/www.hapy-com.fr\/echoppe\/product\/sac-kelmar\/"},"modified":"2022-07-05T21:44:01","modified_gmt":"2022-07-05T19:44:01","slug":"sac-kelmar","status":"publish","type":"product","link":"https:\/\/www.hapy-com.fr\/echoppe\/product\/sac-kelmar\/","title":{"rendered":"Sac Kelmar"},"content":{"rendered":"<p>Sac \u00e9co-friendly en RPET r\u00e9sistant -PET recycl\u00e9-. Dans une large gamme de couleurs, avec des poign\u00e9es renforc\u00e9es de 70 cm de long et une finition cousue. Le mat\u00e9riau RPET, en plus de r\u00e9duire consid\u00e9rablement la quantit\u00e9 de d\u00e9chets plastiques, utilise beaucoup moins d`\u00e9nergie dans son processus de fabrication, ce qui le rend plus durable et plus respectueux de l`environnement. R\u00e9sistance jusqu`\u00e0 10 kg. Polyester RPET<\/p>\n","protected":false},"excerpt":{"rendered":"<p>Sac \u00e9co-friendly en RPET r\u00e9sistant -PET recycl\u00e9-. Dans une large gamme de couleurs, avec des poign\u00e9es renforc\u00e9es de 70 cm de long et une finition cousue. Le mat\u00e9riau RPET, en&#8230;<\/p>\n","protected":false},"featured_media":17767,"template":"","meta":[],"product_cat":[457,334],"product_tag":[],"class_list":{"0":"post-17769","1":"product","2":"type-product","3":"status-publish","4":"has-post-thumbnail","6":"product_cat-sac","7":"product_cat-textile","9":"first","10":"instock","11":"shipping-taxable","12":"purchasable","13":"product-type-simple"},"_links":{"self":[{"href":"https:\/\/www.hapy-com.fr\/echoppe\/wp-json\/wp\/v2\/product\/17769","targetHints":{"allow":["GET"]}}],"collection":[{"href":"https:\/\/www.hapy-com.fr\/echoppe\/wp-json\/wp\/v2\/product"}],"about":[{"href":"https:\/\/www.hapy-com.fr\/echoppe\/wp-json\/wp\/v2\/types\/product"}],"wp:featuredmedia":[{"embeddable":true,"href":"https:\/\/www.hapy-com.fr\/echoppe\/wp-json\/wp\/v2\/media\/17767"}],"wp:attachment":[{"href":"https:\/\/www.hapy-com.fr\/echoppe\/wp-json\/wp\/v2\/media?parent=17769"}],"wp:term":[{"taxonomy":"product_cat","embeddable":true,"href":"https:\/\/www.hapy-com.fr\/echoppe\/wp-json\/wp\/v2\/product_cat?post=17769"},{"taxonomy":"product_tag","embeddable":true,"href":"https:\/\/www.hapy-com.fr\/echoppe\/wp-json\/wp\/v2\/product_tag?post=17769"}],"curies":[{"name":"wp","href":"https:\/\/api.w.org\/{rel}","templated":true}]}}