{"id":17789,"date":"2022-06-24T12:56:21","date_gmt":"2022-06-24T10:56:21","guid":{"rendered":"http:\/\/www.hapy-com.fr\/echoppe\/product\/casquette-clipak-6\/"},"modified":"2022-07-05T21:25:09","modified_gmt":"2022-07-05T19:25:09","slug":"casquette-clipak-6","status":"publish","type":"product","link":"https:\/\/www.hapy-com.fr\/echoppe\/product\/casquette-clipak-6\/","title":{"rendered":"Casquette Clipak"},"content":{"rendered":"<p>Casquette en polyester \u00e0 5 panneaux avec tissu en maille et fermeture r\u00e9glable. Disponible dans une large gamme de couleurs (couleur blanche sp\u00e9cialement fabriqu\u00e9e pour l\u00b4impression par sublimation).<\/p>\n","protected":false},"excerpt":{"rendered":"<p>Casquette en polyester \u00e0 5 panneaux avec tissu en maille et fermeture r\u00e9glable. Disponible dans une large gamme de couleurs (couleur blanche sp\u00e9cialement fabriqu\u00e9e pour l\u00b4impression par sublimation).<\/p>\n","protected":false},"featured_media":17788,"template":"","meta":[],"product_cat":[446,334],"product_tag":[],"class_list":{"0":"post-17789","1":"product","2":"type-product","3":"status-publish","4":"has-post-thumbnail","6":"product_cat-casquette-et-visiere-casquettes-et-chapeaux","7":"product_cat-textile","9":"first","10":"instock","11":"shipping-taxable","12":"purchasable","13":"product-type-simple"},"_links":{"self":[{"href":"https:\/\/www.hapy-com.fr\/echoppe\/wp-json\/wp\/v2\/product\/17789","targetHints":{"allow":["GET"]}}],"collection":[{"href":"https:\/\/www.hapy-com.fr\/echoppe\/wp-json\/wp\/v2\/product"}],"about":[{"href":"https:\/\/www.hapy-com.fr\/echoppe\/wp-json\/wp\/v2\/types\/product"}],"wp:featuredmedia":[{"embeddable":true,"href":"https:\/\/www.hapy-com.fr\/echoppe\/wp-json\/wp\/v2\/media\/17788"}],"wp:attachment":[{"href":"https:\/\/www.hapy-com.fr\/echoppe\/wp-json\/wp\/v2\/media?parent=17789"}],"wp:term":[{"taxonomy":"product_cat","embeddable":true,"href":"https:\/\/www.hapy-com.fr\/echoppe\/wp-json\/wp\/v2\/product_cat?post=17789"},{"taxonomy":"product_tag","embeddable":true,"href":"https:\/\/www.hapy-com.fr\/echoppe\/wp-json\/wp\/v2\/product_tag?post=17789"}],"curies":[{"name":"wp","href":"https:\/\/api.w.org\/{rel}","templated":true}]}}