{"id":17794,"date":"2022-06-24T12:56:26","date_gmt":"2022-06-24T10:56:26","guid":{"rendered":"http:\/\/www.hapy-com.fr\/echoppe\/product\/casquette-keinfax\/"},"modified":"2022-07-05T21:25:15","modified_gmt":"2022-07-05T19:25:15","slug":"casquette-keinfax","status":"publish","type":"product","link":"https:\/\/www.hapy-com.fr\/echoppe\/product\/casquette-keinfax\/","title":{"rendered":"Casquette Keinfax"},"content":{"rendered":"<p>Casquette \u00e0 5 panneaux en mat\u00e9riau RPET souple, obtenu \u00e0 partir de mati\u00e8res plastiques recycl\u00e9es, pour encourager la r\u00e9utilisation des r\u00e9sidus de plastique. Fermeture velcro r\u00e9glable, avec trous d\u00b4a\u00e9ration brod\u00e9s. Disponible dans une large gamme de couleurs (couleur blanche sp\u00e9cialement fabriqu\u00e9e pour l\u00b4impression par sublimation). \u00c9tiquette distinctive avec mention RPET.<\/p>\n","protected":false},"excerpt":{"rendered":"<p>Casquette \u00e0 5 panneaux en mat\u00e9riau RPET souple, obtenu \u00e0 partir de mati\u00e8res plastiques recycl\u00e9es, pour encourager la r\u00e9utilisation des r\u00e9sidus de plastique. Fermeture velcro r\u00e9glable, avec trous d\u00b4a\u00e9ration brod\u00e9s&#8230;.<\/p>\n","protected":false},"featured_media":17792,"template":"","meta":[],"product_cat":[446,334],"product_tag":[],"class_list":{"0":"post-17794","1":"product","2":"type-product","3":"status-publish","4":"has-post-thumbnail","6":"product_cat-casquette-et-visiere-casquettes-et-chapeaux","7":"product_cat-textile","9":"first","10":"instock","11":"shipping-taxable","12":"purchasable","13":"product-type-simple"},"_links":{"self":[{"href":"https:\/\/www.hapy-com.fr\/echoppe\/wp-json\/wp\/v2\/product\/17794","targetHints":{"allow":["GET"]}}],"collection":[{"href":"https:\/\/www.hapy-com.fr\/echoppe\/wp-json\/wp\/v2\/product"}],"about":[{"href":"https:\/\/www.hapy-com.fr\/echoppe\/wp-json\/wp\/v2\/types\/product"}],"wp:featuredmedia":[{"embeddable":true,"href":"https:\/\/www.hapy-com.fr\/echoppe\/wp-json\/wp\/v2\/media\/17792"}],"wp:attachment":[{"href":"https:\/\/www.hapy-com.fr\/echoppe\/wp-json\/wp\/v2\/media?parent=17794"}],"wp:term":[{"taxonomy":"product_cat","embeddable":true,"href":"https:\/\/www.hapy-com.fr\/echoppe\/wp-json\/wp\/v2\/product_cat?post=17794"},{"taxonomy":"product_tag","embeddable":true,"href":"https:\/\/www.hapy-com.fr\/echoppe\/wp-json\/wp\/v2\/product_tag?post=17794"}],"curies":[{"name":"wp","href":"https:\/\/api.w.org\/{rel}","templated":true}]}}