{"id":17811,"date":"2022-06-24T12:56:39","date_gmt":"2022-06-24T10:56:39","guid":{"rendered":"http:\/\/www.hapy-com.fr\/echoppe\/product\/sac-pliable-restun-4\/"},"modified":"2022-07-05T21:44:04","modified_gmt":"2022-07-05T19:44:04","slug":"sac-pliable-restun-4","status":"publish","type":"product","link":"https:\/\/www.hapy-com.fr\/echoppe\/product\/sac-pliable-restun-4\/","title":{"rendered":"Sac Pliable Restun"},"content":{"rendered":"<p>Sac pliable de course en polyester RPET plastique recycl\u00e9, favorise la r\u00e9utilisation des d\u00e9chets plastiques et contribuer \u00e0 la durabilit\u00e9 de la plan\u00e8te. Finition cousue et une fois pli\u00e9e de petite taille. Pochette de ragement comportant une fermeture \u00e0 bouton et mousqueton. \u00c9tiquette lat\u00e9rale avec la composition RPET, disponible dans une large gamme de couleurs (la couleur blanche est sp\u00e9cialement pour une impression sublimation).<\/p>\n","protected":false},"excerpt":{"rendered":"<p>Sac pliable de course en polyester RPET plastique recycl\u00e9, favorise la r\u00e9utilisation des d\u00e9chets plastiques et contribuer \u00e0 la durabilit\u00e9 de la plan\u00e8te. Finition cousue et une fois pli\u00e9e de&#8230;<\/p>\n","protected":false},"featured_media":17810,"template":"","meta":[],"product_cat":[457,334],"product_tag":[],"class_list":{"0":"post-17811","1":"product","2":"type-product","3":"status-publish","4":"has-post-thumbnail","6":"product_cat-sac","7":"product_cat-textile","9":"first","10":"instock","11":"shipping-taxable","12":"purchasable","13":"product-type-simple"},"_links":{"self":[{"href":"https:\/\/www.hapy-com.fr\/echoppe\/wp-json\/wp\/v2\/product\/17811","targetHints":{"allow":["GET"]}}],"collection":[{"href":"https:\/\/www.hapy-com.fr\/echoppe\/wp-json\/wp\/v2\/product"}],"about":[{"href":"https:\/\/www.hapy-com.fr\/echoppe\/wp-json\/wp\/v2\/types\/product"}],"wp:featuredmedia":[{"embeddable":true,"href":"https:\/\/www.hapy-com.fr\/echoppe\/wp-json\/wp\/v2\/media\/17810"}],"wp:attachment":[{"href":"https:\/\/www.hapy-com.fr\/echoppe\/wp-json\/wp\/v2\/media?parent=17811"}],"wp:term":[{"taxonomy":"product_cat","embeddable":true,"href":"https:\/\/www.hapy-com.fr\/echoppe\/wp-json\/wp\/v2\/product_cat?post=17811"},{"taxonomy":"product_tag","embeddable":true,"href":"https:\/\/www.hapy-com.fr\/echoppe\/wp-json\/wp\/v2\/product_tag?post=17811"}],"curies":[{"name":"wp","href":"https:\/\/api.w.org\/{rel}","templated":true}]}}