{"id":17818,"date":"2022-06-24T12:56:44","date_gmt":"2022-06-24T10:56:44","guid":{"rendered":"http:\/\/www.hapy-com.fr\/echoppe\/product\/sac-sublimation-prosum\/"},"modified":"2022-07-05T21:44:05","modified_gmt":"2022-07-05T19:44:05","slug":"sac-sublimation-prosum","status":"publish","type":"product","link":"https:\/\/www.hapy-com.fr\/echoppe\/product\/sac-sublimation-prosum\/","title":{"rendered":"Sac Sublimation Prosum"},"content":{"rendered":"<p>Sac tote bag en polyester  105 g\/ m2 r\u00e9sistant au toucher doux,  couleur, inspiration \u00e9co, naturelle, sp\u00e9cialement con\u00e7u pour l\u00b4impression par sublimation. Avec poign\u00e9es renforc\u00e9es de 70 cm de long. Capacit\u00e9 env. 7 L. R\u00e9sistance env. 8 Kg.<\/p>\n","protected":false},"excerpt":{"rendered":"<p>Sac tote bag en polyester 105 g\/ m2 r\u00e9sistant au toucher doux, couleur, inspiration \u00e9co, naturelle, sp\u00e9cialement con\u00e7u pour l\u00b4impression par sublimation. Avec poign\u00e9es renforc\u00e9es de 70 cm de long&#8230;.<\/p>\n","protected":false},"featured_media":17816,"template":"","meta":[],"product_cat":[457,334],"product_tag":[],"class_list":{"0":"post-17818","1":"product","2":"type-product","3":"status-publish","4":"has-post-thumbnail","6":"product_cat-sac","7":"product_cat-textile","9":"first","10":"instock","11":"shipping-taxable","12":"purchasable","13":"product-type-simple"},"_links":{"self":[{"href":"https:\/\/www.hapy-com.fr\/echoppe\/wp-json\/wp\/v2\/product\/17818","targetHints":{"allow":["GET"]}}],"collection":[{"href":"https:\/\/www.hapy-com.fr\/echoppe\/wp-json\/wp\/v2\/product"}],"about":[{"href":"https:\/\/www.hapy-com.fr\/echoppe\/wp-json\/wp\/v2\/types\/product"}],"wp:featuredmedia":[{"embeddable":true,"href":"https:\/\/www.hapy-com.fr\/echoppe\/wp-json\/wp\/v2\/media\/17816"}],"wp:attachment":[{"href":"https:\/\/www.hapy-com.fr\/echoppe\/wp-json\/wp\/v2\/media?parent=17818"}],"wp:term":[{"taxonomy":"product_cat","embeddable":true,"href":"https:\/\/www.hapy-com.fr\/echoppe\/wp-json\/wp\/v2\/product_cat?post=17818"},{"taxonomy":"product_tag","embeddable":true,"href":"https:\/\/www.hapy-com.fr\/echoppe\/wp-json\/wp\/v2\/product_tag?post=17818"}],"curies":[{"name":"wp","href":"https:\/\/api.w.org\/{rel}","templated":true}]}}