{"id":17821,"date":"2022-06-24T12:56:47","date_gmt":"2022-06-24T10:56:47","guid":{"rendered":"http:\/\/www.hapy-com.fr\/echoppe\/product\/necessaire-sublimation-kreston\/"},"modified":"2022-06-24T12:56:47","modified_gmt":"2022-06-24T10:56:47","slug":"necessaire-sublimation-kreston","status":"publish","type":"product","link":"https:\/\/www.hapy-com.fr\/echoppe\/product\/necessaire-sublimation-kreston\/","title":{"rendered":"N\u00e9cessaire Sublimation Kreston"},"content":{"rendered":"<p>Trousse de toilette en polyester  150 g\/ m2 r\u00e9sistant au toucher doux,  couleur, inspiration \u00e9co, naturelle, sp\u00e9cialement con\u00e7u pour l\u00b4impression par sublimation.  Fermeture zipp\u00e9e. Capacit\u00e9 litres 2L env.<\/p>\n","protected":false},"excerpt":{"rendered":"<p>Trousse de toilette en polyester 150 g\/ m2 r\u00e9sistant au toucher doux, couleur, inspiration \u00e9co, naturelle, sp\u00e9cialement con\u00e7u pour l\u00b4impression par sublimation. Fermeture zipp\u00e9e. Capacit\u00e9 litres 2L env.<\/p>\n","protected":false},"featured_media":17819,"template":"","meta":[],"product_cat":[334],"product_tag":[],"class_list":{"0":"post-17821","1":"product","2":"type-product","3":"status-publish","4":"has-post-thumbnail","6":"product_cat-textile","8":"first","9":"instock","10":"shipping-taxable","11":"purchasable","12":"product-type-simple"},"_links":{"self":[{"href":"https:\/\/www.hapy-com.fr\/echoppe\/wp-json\/wp\/v2\/product\/17821","targetHints":{"allow":["GET"]}}],"collection":[{"href":"https:\/\/www.hapy-com.fr\/echoppe\/wp-json\/wp\/v2\/product"}],"about":[{"href":"https:\/\/www.hapy-com.fr\/echoppe\/wp-json\/wp\/v2\/types\/product"}],"wp:featuredmedia":[{"embeddable":true,"href":"https:\/\/www.hapy-com.fr\/echoppe\/wp-json\/wp\/v2\/media\/17819"}],"wp:attachment":[{"href":"https:\/\/www.hapy-com.fr\/echoppe\/wp-json\/wp\/v2\/media?parent=17821"}],"wp:term":[{"taxonomy":"product_cat","embeddable":true,"href":"https:\/\/www.hapy-com.fr\/echoppe\/wp-json\/wp\/v2\/product_cat?post=17821"},{"taxonomy":"product_tag","embeddable":true,"href":"https:\/\/www.hapy-com.fr\/echoppe\/wp-json\/wp\/v2\/product_tag?post=17821"}],"curies":[{"name":"wp","href":"https:\/\/api.w.org\/{rel}","templated":true}]}}