{"id":17875,"date":"2022-06-24T12:57:07","date_gmt":"2022-06-24T10:57:07","guid":{"rendered":"http:\/\/www.hapy-com.fr\/echoppe\/product\/polo-dekrom-14\/"},"modified":"2022-07-05T21:40:00","modified_gmt":"2022-07-05T19:40:00","slug":"polo-dekrom-14","status":"publish","type":"product","link":"https:\/\/www.hapy-com.fr\/echoppe\/product\/polo-dekrom-14\/","title":{"rendered":"Polo Dekrom"},"content":{"rendered":"<p>Polo respirant en polyester 100% RPET de 180g\/m2, fabriqu\u00e9 \u00e0 partir de plastique recycl\u00e9 pour favoriser la r\u00e9utilisation des d\u00e9chets plastiques et contribuer \u00e0 la durabilit\u00e9 de la plan\u00e8te.   Avec trois boutons de fermeture, disponibles dans diff\u00e9rentes gammes de couleurs et dans les tailles S, M, L, XL, XXL. Avec badge RPET sur \u00e9tiquette.<\/p>\n","protected":false},"excerpt":{"rendered":"<p>Polo respirant en polyester 100% RPET de 180g\/m2, fabriqu\u00e9 \u00e0 partir de plastique recycl\u00e9 pour favoriser la r\u00e9utilisation des d\u00e9chets plastiques et contribuer \u00e0 la durabilit\u00e9 de la plan\u00e8te. Avec&#8230;<\/p>\n","protected":false},"featured_media":17871,"template":"","meta":[],"product_cat":[455,334],"product_tag":[],"class_list":{"0":"post-17875","1":"product","2":"type-product","3":"status-publish","4":"has-post-thumbnail","6":"product_cat-polo","7":"product_cat-textile","9":"first","10":"instock","11":"shipping-taxable","12":"purchasable","13":"product-type-simple"},"_links":{"self":[{"href":"https:\/\/www.hapy-com.fr\/echoppe\/wp-json\/wp\/v2\/product\/17875","targetHints":{"allow":["GET"]}}],"collection":[{"href":"https:\/\/www.hapy-com.fr\/echoppe\/wp-json\/wp\/v2\/product"}],"about":[{"href":"https:\/\/www.hapy-com.fr\/echoppe\/wp-json\/wp\/v2\/types\/product"}],"wp:featuredmedia":[{"embeddable":true,"href":"https:\/\/www.hapy-com.fr\/echoppe\/wp-json\/wp\/v2\/media\/17871"}],"wp:attachment":[{"href":"https:\/\/www.hapy-com.fr\/echoppe\/wp-json\/wp\/v2\/media?parent=17875"}],"wp:term":[{"taxonomy":"product_cat","embeddable":true,"href":"https:\/\/www.hapy-com.fr\/echoppe\/wp-json\/wp\/v2\/product_cat?post=17875"},{"taxonomy":"product_tag","embeddable":true,"href":"https:\/\/www.hapy-com.fr\/echoppe\/wp-json\/wp\/v2\/product_tag?post=17875"}],"curies":[{"name":"wp","href":"https:\/\/api.w.org\/{rel}","templated":true}]}}