{"id":17897,"date":"2022-06-24T12:57:16","date_gmt":"2022-06-24T10:57:16","guid":{"rendered":"http:\/\/www.hapy-com.fr\/echoppe\/product\/set-sacs-topin\/"},"modified":"2022-07-05T21:44:41","modified_gmt":"2022-07-05T19:44:41","slug":"set-sacs-topin","status":"publish","type":"product","link":"https:\/\/www.hapy-com.fr\/echoppe\/product\/set-sacs-topin\/","title":{"rendered":"Set Sacs Topin"},"content":{"rendered":"<p>Ensemble de sacs de ligne naturelle et en RPET r\u00e9sistant, fabriqu\u00e9s \u00e0 partir de plastique recycl\u00e9 pour promouvoir la r\u00e9utilisation des d\u00e9chets plastiques et contribuer \u00e0 la durabilit\u00e9 de la plan\u00e8te. Comprend 3 pi\u00e8ces de 25 x 30 cm avec fermeture du cordon en couleur et badge RPET sur l\u2019\u00e9tiquette ext\u00e9rieure. Avec une grande zone de marquage des deux c\u00f4t\u00e9s des sacs.<\/p>\n","protected":false},"excerpt":{"rendered":"<p>Ensemble de sacs de ligne naturelle et en RPET r\u00e9sistant, fabriqu\u00e9s \u00e0 partir de plastique recycl\u00e9 pour promouvoir la r\u00e9utilisation des d\u00e9chets plastiques et contribuer \u00e0 la durabilit\u00e9 de la&#8230;<\/p>\n","protected":false},"featured_media":17895,"template":"","meta":[],"product_cat":[457,458,334],"product_tag":[],"class_list":{"0":"post-17897","1":"product","2":"type-product","3":"status-publish","4":"has-post-thumbnail","6":"product_cat-sac","7":"product_cat-set","8":"product_cat-textile","10":"first","11":"instock","12":"shipping-taxable","13":"purchasable","14":"product-type-simple"},"_links":{"self":[{"href":"https:\/\/www.hapy-com.fr\/echoppe\/wp-json\/wp\/v2\/product\/17897","targetHints":{"allow":["GET"]}}],"collection":[{"href":"https:\/\/www.hapy-com.fr\/echoppe\/wp-json\/wp\/v2\/product"}],"about":[{"href":"https:\/\/www.hapy-com.fr\/echoppe\/wp-json\/wp\/v2\/types\/product"}],"wp:featuredmedia":[{"embeddable":true,"href":"https:\/\/www.hapy-com.fr\/echoppe\/wp-json\/wp\/v2\/media\/17895"}],"wp:attachment":[{"href":"https:\/\/www.hapy-com.fr\/echoppe\/wp-json\/wp\/v2\/media?parent=17897"}],"wp:term":[{"taxonomy":"product_cat","embeddable":true,"href":"https:\/\/www.hapy-com.fr\/echoppe\/wp-json\/wp\/v2\/product_cat?post=17897"},{"taxonomy":"product_tag","embeddable":true,"href":"https:\/\/www.hapy-com.fr\/echoppe\/wp-json\/wp\/v2\/product_tag?post=17897"}],"curies":[{"name":"wp","href":"https:\/\/api.w.org\/{rel}","templated":true}]}}