{"id":17919,"date":"2022-06-24T12:57:33","date_gmt":"2022-06-24T10:57:33","guid":{"rendered":"http:\/\/www.hapy-com.fr\/echoppe\/product\/pare-soleil-mojacar-7\/"},"modified":"2022-06-24T12:57:33","modified_gmt":"2022-06-24T10:57:33","slug":"pare-soleil-mojacar-7","status":"publish","type":"product","link":"https:\/\/www.hapy-com.fr\/echoppe\/product\/pare-soleil-mojacar-7\/","title":{"rendered":"Pare-Soleil Moj\u00e1car"},"content":{"rendered":"<p>Parasol \u00e0 8 panneaux en nylon r\u00e9sistant d\u00e9clin\u00e9 en plusieurs couleurs vives. Diam\u00e8tre de 150cm. Jupes lat\u00e9rales gans\u00e9es, tubes m\u00e9talliques blancs r\u00e9glables en hauteur. Pr\u00e9sent\u00e9 dans un fourreau en nylon avec bandouli\u00e8re.<\/p>\n","protected":false},"excerpt":{"rendered":"<p>Parasol \u00e0 8 panneaux en nylon r\u00e9sistant d\u00e9clin\u00e9 en plusieurs couleurs vives. Diam\u00e8tre de 150cm. Jupes lat\u00e9rales gans\u00e9es, tubes m\u00e9talliques blancs r\u00e9glables en hauteur. Pr\u00e9sent\u00e9 dans un fourreau en nylon&#8230;<\/p>\n","protected":false},"featured_media":17918,"template":"","meta":[],"product_cat":[334],"product_tag":[],"class_list":{"0":"post-17919","1":"product","2":"type-product","3":"status-publish","4":"has-post-thumbnail","6":"product_cat-textile","8":"first","9":"instock","10":"shipping-taxable","11":"purchasable","12":"product-type-simple"},"_links":{"self":[{"href":"https:\/\/www.hapy-com.fr\/echoppe\/wp-json\/wp\/v2\/product\/17919","targetHints":{"allow":["GET"]}}],"collection":[{"href":"https:\/\/www.hapy-com.fr\/echoppe\/wp-json\/wp\/v2\/product"}],"about":[{"href":"https:\/\/www.hapy-com.fr\/echoppe\/wp-json\/wp\/v2\/types\/product"}],"wp:featuredmedia":[{"embeddable":true,"href":"https:\/\/www.hapy-com.fr\/echoppe\/wp-json\/wp\/v2\/media\/17918"}],"wp:attachment":[{"href":"https:\/\/www.hapy-com.fr\/echoppe\/wp-json\/wp\/v2\/media?parent=17919"}],"wp:term":[{"taxonomy":"product_cat","embeddable":true,"href":"https:\/\/www.hapy-com.fr\/echoppe\/wp-json\/wp\/v2\/product_cat?post=17919"},{"taxonomy":"product_tag","embeddable":true,"href":"https:\/\/www.hapy-com.fr\/echoppe\/wp-json\/wp\/v2\/product_tag?post=17919"}],"curies":[{"name":"wp","href":"https:\/\/api.w.org\/{rel}","templated":true}]}}