{"id":18590,"date":"2022-06-24T13:02:10","date_gmt":"2022-06-24T11:02:10","guid":{"rendered":"http:\/\/www.hapy-com.fr\/echoppe\/product\/parka-zylka-9\/"},"modified":"2022-07-05T21:39:06","modified_gmt":"2022-07-05T19:39:06","slug":"parka-zylka-9","status":"publish","type":"product","link":"https:\/\/www.hapy-com.fr\/echoppe\/product\/parka-zylka-9\/","title":{"rendered":"Parka Zylka"},"content":{"rendered":"<p>Parka en Pongee Ripstop. Respirante, douce et r\u00e9sistante avec traitement imperm\u00e9able et anti d\u00e9chirure. Int\u00e9rieur \u00e9pais et doubl\u00e9. Int\u00e9rieur du col en polaire fleece chaud et double fermeture principale : A fermeture \u00e9clair avec ruban sur le curseur et patte velcro. Poches frontales et lat\u00e9rales avec patte et fermeture zipp\u00e9e, poignets avec velcro r\u00e9glable et \u00e9lastique \u00e0 la taille avec accessoire de r\u00e9glage. Disponible en tailles S, M, L, XL, XXL. Avec zip int\u00e9rieur pour marquage facile<\/p>\n","protected":false},"excerpt":{"rendered":"<p>Parka en Pongee Ripstop. Respirante, douce et r\u00e9sistante avec traitement imperm\u00e9able et anti d\u00e9chirure. Int\u00e9rieur \u00e9pais et doubl\u00e9. Int\u00e9rieur du col en polaire fleece chaud et double fermeture principale :&#8230;<\/p>\n","protected":false},"featured_media":18586,"template":"","meta":[],"product_cat":[450,454,334],"product_tag":[],"class_list":{"0":"post-18590","1":"product","2":"type-product","3":"status-publish","4":"has-post-thumbnail","6":"product_cat-gilet","7":"product_cat-parka","8":"product_cat-textile","10":"first","11":"instock","12":"shipping-taxable","13":"purchasable","14":"product-type-simple"},"_links":{"self":[{"href":"https:\/\/www.hapy-com.fr\/echoppe\/wp-json\/wp\/v2\/product\/18590","targetHints":{"allow":["GET"]}}],"collection":[{"href":"https:\/\/www.hapy-com.fr\/echoppe\/wp-json\/wp\/v2\/product"}],"about":[{"href":"https:\/\/www.hapy-com.fr\/echoppe\/wp-json\/wp\/v2\/types\/product"}],"wp:featuredmedia":[{"embeddable":true,"href":"https:\/\/www.hapy-com.fr\/echoppe\/wp-json\/wp\/v2\/media\/18586"}],"wp:attachment":[{"href":"https:\/\/www.hapy-com.fr\/echoppe\/wp-json\/wp\/v2\/media?parent=18590"}],"wp:term":[{"taxonomy":"product_cat","embeddable":true,"href":"https:\/\/www.hapy-com.fr\/echoppe\/wp-json\/wp\/v2\/product_cat?post=18590"},{"taxonomy":"product_tag","embeddable":true,"href":"https:\/\/www.hapy-com.fr\/echoppe\/wp-json\/wp\/v2\/product_tag?post=18590"}],"curies":[{"name":"wp","href":"https:\/\/api.w.org\/{rel}","templated":true}]}}