{"id":18984,"date":"2022-06-24T13:05:25","date_gmt":"2022-06-24T11:05:25","guid":{"rendered":"http:\/\/www.hapy-com.fr\/echoppe\/product\/impermeable-hinbow-10\/"},"modified":"2022-07-05T21:35:55","modified_gmt":"2022-07-05T19:35:55","slug":"impermeable-hinbow-10","status":"publish","type":"product","link":"https:\/\/www.hapy-com.fr\/echoppe\/product\/impermeable-hinbow-10\/","title":{"rendered":"Imperm\u00e9able Hinbow"},"content":{"rendered":"<p>Imperm\u00e9able en PVC r\u00e9sistant , finition thermoscell\u00e9e. Disponible dans une gamme de couleurs vari\u00e9e. Avec capuche et cordons de serrage, fermetures pressions et poches. Disponible en tailles M-L, XL-XXL.<\/p>\n","protected":false},"excerpt":{"rendered":"<p>Imperm\u00e9able en PVC r\u00e9sistant , finition thermoscell\u00e9e. Disponible dans une gamme de couleurs vari\u00e9e. Avec capuche et cordons de serrage, fermetures pressions et poches. Disponible en tailles M-L, XL-XXL.<\/p>\n","protected":false},"featured_media":18982,"template":"","meta":[],"product_cat":[450,334],"product_tag":[],"class_list":{"0":"post-18984","1":"product","2":"type-product","3":"status-publish","4":"has-post-thumbnail","6":"product_cat-gilet","7":"product_cat-textile","9":"first","10":"instock","11":"shipping-taxable","12":"purchasable","13":"product-type-simple"},"_links":{"self":[{"href":"https:\/\/www.hapy-com.fr\/echoppe\/wp-json\/wp\/v2\/product\/18984","targetHints":{"allow":["GET"]}}],"collection":[{"href":"https:\/\/www.hapy-com.fr\/echoppe\/wp-json\/wp\/v2\/product"}],"about":[{"href":"https:\/\/www.hapy-com.fr\/echoppe\/wp-json\/wp\/v2\/types\/product"}],"wp:featuredmedia":[{"embeddable":true,"href":"https:\/\/www.hapy-com.fr\/echoppe\/wp-json\/wp\/v2\/media\/18982"}],"wp:attachment":[{"href":"https:\/\/www.hapy-com.fr\/echoppe\/wp-json\/wp\/v2\/media?parent=18984"}],"wp:term":[{"taxonomy":"product_cat","embeddable":true,"href":"https:\/\/www.hapy-com.fr\/echoppe\/wp-json\/wp\/v2\/product_cat?post=18984"},{"taxonomy":"product_tag","embeddable":true,"href":"https:\/\/www.hapy-com.fr\/echoppe\/wp-json\/wp\/v2\/product_tag?post=18984"}],"curies":[{"name":"wp","href":"https:\/\/api.w.org\/{rel}","templated":true}]}}