{"id":19010,"date":"2022-06-24T13:05:37","date_gmt":"2022-06-24T11:05:37","guid":{"rendered":"http:\/\/www.hapy-com.fr\/echoppe\/product\/gilet-balmax-3\/"},"modified":"2022-07-05T21:35:43","modified_gmt":"2022-07-05T19:35:43","slug":"gilet-balmax-3","status":"publish","type":"product","link":"https:\/\/www.hapy-com.fr\/echoppe\/product\/gilet-balmax-3\/","title":{"rendered":"Gilet Balmax"},"content":{"rendered":"<p>Gilet imperm\u00e9able et respirant en combinaison de mati\u00e8re soft shell et \u00e9lasthanne. Dans une large gamme de couleurs vives, avec fermeture \u00e0 glissi\u00e8re et poches avant. Disponible en tailles S, M, L, XL, XXL.<\/p>\n","protected":false},"excerpt":{"rendered":"<p>Gilet imperm\u00e9able et respirant en combinaison de mati\u00e8re soft shell et \u00e9lasthanne. Dans une large gamme de couleurs vives, avec fermeture \u00e0 glissi\u00e8re et poches avant. Disponible en tailles S,&#8230;<\/p>\n","protected":false},"featured_media":19006,"template":"","meta":[],"product_cat":[450,334],"product_tag":[],"class_list":{"0":"post-19010","1":"product","2":"type-product","3":"status-publish","4":"has-post-thumbnail","6":"product_cat-gilet","7":"product_cat-textile","9":"first","10":"instock","11":"shipping-taxable","12":"purchasable","13":"product-type-simple"},"_links":{"self":[{"href":"https:\/\/www.hapy-com.fr\/echoppe\/wp-json\/wp\/v2\/product\/19010","targetHints":{"allow":["GET"]}}],"collection":[{"href":"https:\/\/www.hapy-com.fr\/echoppe\/wp-json\/wp\/v2\/product"}],"about":[{"href":"https:\/\/www.hapy-com.fr\/echoppe\/wp-json\/wp\/v2\/types\/product"}],"wp:featuredmedia":[{"embeddable":true,"href":"https:\/\/www.hapy-com.fr\/echoppe\/wp-json\/wp\/v2\/media\/19006"}],"wp:attachment":[{"href":"https:\/\/www.hapy-com.fr\/echoppe\/wp-json\/wp\/v2\/media?parent=19010"}],"wp:term":[{"taxonomy":"product_cat","embeddable":true,"href":"https:\/\/www.hapy-com.fr\/echoppe\/wp-json\/wp\/v2\/product_cat?post=19010"},{"taxonomy":"product_tag","embeddable":true,"href":"https:\/\/www.hapy-com.fr\/echoppe\/wp-json\/wp\/v2\/product_tag?post=19010"}],"curies":[{"name":"wp","href":"https:\/\/api.w.org\/{rel}","templated":true}]}}