{"id":19077,"date":"2022-06-24T13:06:02","date_gmt":"2022-06-24T11:06:02","guid":{"rendered":"http:\/\/www.hapy-com.fr\/echoppe\/product\/veste-baidok-28\/"},"modified":"2022-07-05T21:36:04","modified_gmt":"2022-07-05T19:36:04","slug":"veste-baidok-28","status":"publish","type":"product","link":"https:\/\/www.hapy-com.fr\/echoppe\/product\/veste-baidok-28\/","title":{"rendered":"Veste Baidok"},"content":{"rendered":"<p>Veste imperm\u00e9able et respirante en combinaison de mat\u00e9riaux soft shell et \u00e9lasthanne de 300g \/ m2. Dans une vari\u00e9t\u00e9 de couleurs vives, avec fermeture \u00e9clair et poches lat\u00e9rales. Disponible dans les tailles S, M, L, XL, XXL.<\/p>\n","protected":false},"excerpt":{"rendered":"<p>Veste imperm\u00e9able et respirante en combinaison de mat\u00e9riaux soft shell et \u00e9lasthanne de 300g \/ m2. Dans une vari\u00e9t\u00e9 de couleurs vives, avec fermeture \u00e9clair et poches lat\u00e9rales. Disponible dans&#8230;<\/p>\n","protected":false},"featured_media":19074,"template":"","meta":[],"product_cat":[450,334],"product_tag":[],"class_list":{"0":"post-19077","1":"product","2":"type-product","3":"status-publish","4":"has-post-thumbnail","6":"product_cat-gilet","7":"product_cat-textile","9":"first","10":"instock","11":"shipping-taxable","12":"purchasable","13":"product-type-simple"},"_links":{"self":[{"href":"https:\/\/www.hapy-com.fr\/echoppe\/wp-json\/wp\/v2\/product\/19077","targetHints":{"allow":["GET"]}}],"collection":[{"href":"https:\/\/www.hapy-com.fr\/echoppe\/wp-json\/wp\/v2\/product"}],"about":[{"href":"https:\/\/www.hapy-com.fr\/echoppe\/wp-json\/wp\/v2\/types\/product"}],"wp:featuredmedia":[{"embeddable":true,"href":"https:\/\/www.hapy-com.fr\/echoppe\/wp-json\/wp\/v2\/media\/19074"}],"wp:attachment":[{"href":"https:\/\/www.hapy-com.fr\/echoppe\/wp-json\/wp\/v2\/media?parent=19077"}],"wp:term":[{"taxonomy":"product_cat","embeddable":true,"href":"https:\/\/www.hapy-com.fr\/echoppe\/wp-json\/wp\/v2\/product_cat?post=19077"},{"taxonomy":"product_tag","embeddable":true,"href":"https:\/\/www.hapy-com.fr\/echoppe\/wp-json\/wp\/v2\/product_tag?post=19077"}],"curies":[{"name":"wp","href":"https:\/\/api.w.org\/{rel}","templated":true}]}}