{"id":19092,"date":"2022-06-24T13:06:09","date_gmt":"2022-06-24T11:06:09","guid":{"rendered":"http:\/\/www.hapy-com.fr\/echoppe\/product\/gilet-tansy-9\/"},"modified":"2022-07-05T21:32:16","modified_gmt":"2022-07-05T19:32:16","slug":"gilet-tansy-9","status":"publish","type":"product","link":"https:\/\/www.hapy-com.fr\/echoppe\/product\/gilet-tansy-9\/","title":{"rendered":"Gilet Tansy"},"content":{"rendered":"<p>Gilet en mati\u00e8re chaude et lisse en combinaison de nylon et de polyester. Rembourrage en PET recycl\u00e9, fermeture \u00e0 glissi\u00e8re avec tirette et grandes poches lat\u00e9rales. Disponible dans les tailles M, L, XL, XXL<\/p>\n","protected":false},"excerpt":{"rendered":"<p>Gilet en mati\u00e8re chaude et lisse en combinaison de nylon et de polyester. Rembourrage en PET recycl\u00e9, fermeture \u00e0 glissi\u00e8re avec tirette et grandes poches lat\u00e9rales. Disponible dans les tailles&#8230;<\/p>\n","protected":false},"featured_media":19091,"template":"","meta":[],"product_cat":[450,334],"product_tag":[],"class_list":{"0":"post-19092","1":"product","2":"type-product","3":"status-publish","4":"has-post-thumbnail","6":"product_cat-gilet","7":"product_cat-textile","9":"first","10":"instock","11":"shipping-taxable","12":"purchasable","13":"product-type-simple"},"_links":{"self":[{"href":"https:\/\/www.hapy-com.fr\/echoppe\/wp-json\/wp\/v2\/product\/19092","targetHints":{"allow":["GET"]}}],"collection":[{"href":"https:\/\/www.hapy-com.fr\/echoppe\/wp-json\/wp\/v2\/product"}],"about":[{"href":"https:\/\/www.hapy-com.fr\/echoppe\/wp-json\/wp\/v2\/types\/product"}],"wp:featuredmedia":[{"embeddable":true,"href":"https:\/\/www.hapy-com.fr\/echoppe\/wp-json\/wp\/v2\/media\/19091"}],"wp:attachment":[{"href":"https:\/\/www.hapy-com.fr\/echoppe\/wp-json\/wp\/v2\/media?parent=19092"}],"wp:term":[{"taxonomy":"product_cat","embeddable":true,"href":"https:\/\/www.hapy-com.fr\/echoppe\/wp-json\/wp\/v2\/product_cat?post=19092"},{"taxonomy":"product_tag","embeddable":true,"href":"https:\/\/www.hapy-com.fr\/echoppe\/wp-json\/wp\/v2\/product_tag?post=19092"}],"curies":[{"name":"wp","href":"https:\/\/api.w.org\/{rel}","templated":true}]}}