{"id":19292,"date":"2022-06-24T13:07:37","date_gmt":"2022-06-24T11:07:37","guid":{"rendered":"http:\/\/www.hapy-com.fr\/echoppe\/product\/veste-technique-klusten-9\/"},"modified":"2022-06-24T13:07:37","modified_gmt":"2022-06-24T11:07:37","slug":"veste-technique-klusten-9","status":"publish","type":"product","link":"https:\/\/www.hapy-com.fr\/echoppe\/product\/veste-technique-klusten-9\/","title":{"rendered":"Veste Technique Klusten"},"content":{"rendered":"<p>Veste technique pour adulte unisexe. Avec fermeture \u00e0 glissi\u00e8re assortie, poches lat\u00e9rales et mat\u00e9riau 100% polyester de 265 g \/ m2. Disponible dans une vari\u00e9t\u00e9 de couleurs vives. Tailles S, M, L, XL, XXL.<\/p>\n","protected":false},"excerpt":{"rendered":"<p>Veste technique pour adulte unisexe. Avec fermeture \u00e0 glissi\u00e8re assortie, poches lat\u00e9rales et mat\u00e9riau 100% polyester de 265 g \/ m2. Disponible dans une vari\u00e9t\u00e9 de couleurs vives. Tailles S,&#8230;<\/p>\n","protected":false},"featured_media":19288,"template":"","meta":[],"product_cat":[334],"product_tag":[],"class_list":{"0":"post-19292","1":"product","2":"type-product","3":"status-publish","4":"has-post-thumbnail","6":"product_cat-textile","8":"first","9":"instock","10":"shipping-taxable","11":"purchasable","12":"product-type-simple"},"_links":{"self":[{"href":"https:\/\/www.hapy-com.fr\/echoppe\/wp-json\/wp\/v2\/product\/19292","targetHints":{"allow":["GET"]}}],"collection":[{"href":"https:\/\/www.hapy-com.fr\/echoppe\/wp-json\/wp\/v2\/product"}],"about":[{"href":"https:\/\/www.hapy-com.fr\/echoppe\/wp-json\/wp\/v2\/types\/product"}],"wp:featuredmedia":[{"embeddable":true,"href":"https:\/\/www.hapy-com.fr\/echoppe\/wp-json\/wp\/v2\/media\/19288"}],"wp:attachment":[{"href":"https:\/\/www.hapy-com.fr\/echoppe\/wp-json\/wp\/v2\/media?parent=19292"}],"wp:term":[{"taxonomy":"product_cat","embeddable":true,"href":"https:\/\/www.hapy-com.fr\/echoppe\/wp-json\/wp\/v2\/product_cat?post=19292"},{"taxonomy":"product_tag","embeddable":true,"href":"https:\/\/www.hapy-com.fr\/echoppe\/wp-json\/wp\/v2\/product_tag?post=19292"}],"curies":[{"name":"wp","href":"https:\/\/api.w.org\/{rel}","templated":true}]}}