{"id":19436,"date":"2022-06-24T13:08:54","date_gmt":"2022-06-24T11:08:54","guid":{"rendered":"http:\/\/www.hapy-com.fr\/echoppe\/product\/veste-hizan-2\/"},"modified":"2022-06-24T13:08:54","modified_gmt":"2022-06-24T11:08:54","slug":"veste-hizan-2","status":"publish","type":"product","link":"https:\/\/www.hapy-com.fr\/echoppe\/product\/veste-hizan-2\/","title":{"rendered":"Veste Hizan"},"content":{"rendered":"<p>Veste en laine polaire chaude et lisse de 280g \/ m2 avec traitement anti-boulochage. Col montant, fermeture \u00e0 glissi\u00e8re zipp\u00e9e et poches lat\u00e9rales. Disponible dans les tailles S, M, L, XL, XXL.<\/p>\n","protected":false},"excerpt":{"rendered":"<p>Veste en laine polaire chaude et lisse de 280g \/ m2 avec traitement anti-boulochage. Col montant, fermeture \u00e0 glissi\u00e8re zipp\u00e9e et poches lat\u00e9rales. Disponible dans les tailles S, M, L,&#8230;<\/p>\n","protected":false},"featured_media":19433,"template":"","meta":[],"product_cat":[334],"product_tag":[],"class_list":{"0":"post-19436","1":"product","2":"type-product","3":"status-publish","4":"has-post-thumbnail","6":"product_cat-textile","8":"first","9":"instock","10":"shipping-taxable","11":"purchasable","12":"product-type-simple"},"_links":{"self":[{"href":"https:\/\/www.hapy-com.fr\/echoppe\/wp-json\/wp\/v2\/product\/19436","targetHints":{"allow":["GET"]}}],"collection":[{"href":"https:\/\/www.hapy-com.fr\/echoppe\/wp-json\/wp\/v2\/product"}],"about":[{"href":"https:\/\/www.hapy-com.fr\/echoppe\/wp-json\/wp\/v2\/types\/product"}],"wp:featuredmedia":[{"embeddable":true,"href":"https:\/\/www.hapy-com.fr\/echoppe\/wp-json\/wp\/v2\/media\/19433"}],"wp:attachment":[{"href":"https:\/\/www.hapy-com.fr\/echoppe\/wp-json\/wp\/v2\/media?parent=19436"}],"wp:term":[{"taxonomy":"product_cat","embeddable":true,"href":"https:\/\/www.hapy-com.fr\/echoppe\/wp-json\/wp\/v2\/product_cat?post=19436"},{"taxonomy":"product_tag","embeddable":true,"href":"https:\/\/www.hapy-com.fr\/echoppe\/wp-json\/wp\/v2\/product_tag?post=19436"}],"curies":[{"name":"wp","href":"https:\/\/api.w.org\/{rel}","templated":true}]}}