{"id":20645,"date":"2022-06-24T13:18:04","date_gmt":"2022-06-24T11:18:04","guid":{"rendered":"http:\/\/www.hapy-com.fr\/echoppe\/product\/gilet-belsan-4\/"},"modified":"2022-07-05T21:35:46","modified_gmt":"2022-07-05T19:35:46","slug":"gilet-belsan-4","status":"publish","type":"product","link":"https:\/\/www.hapy-com.fr\/echoppe\/product\/gilet-belsan-4\/","title":{"rendered":"Gilet Belsan"},"content":{"rendered":"<p>Doudoune sans manches 100% Polyester 60 g \/ m2. En mati\u00e8re duvet retenant la chaleur extra l\u00e9g\u00e8re, imperm\u00e9able et coupe-vent. Avec 2 poches \u00e0 zip lat\u00e9rales. Fermeture \u00e9clair. Compact\u00e9 dans un \u00e9tui de transport pratique pour les voyages et randonn\u00e9e. Disponible dans les tailles S, M, L, XL, XXL.<\/p>\n","protected":false},"excerpt":{"rendered":"<p>Doudoune sans manches 100% Polyester 60 g \/ m2. En mati\u00e8re duvet retenant la chaleur extra l\u00e9g\u00e8re, imperm\u00e9able et coupe-vent. Avec 2 poches \u00e0 zip lat\u00e9rales. Fermeture \u00e9clair. Compact\u00e9 dans&#8230;<\/p>\n","protected":false},"featured_media":20640,"template":"","meta":[],"product_cat":[450,334],"product_tag":[],"class_list":{"0":"post-20645","1":"product","2":"type-product","3":"status-publish","4":"has-post-thumbnail","6":"product_cat-gilet","7":"product_cat-textile","9":"first","10":"instock","11":"shipping-taxable","12":"purchasable","13":"product-type-simple"},"_links":{"self":[{"href":"https:\/\/www.hapy-com.fr\/echoppe\/wp-json\/wp\/v2\/product\/20645","targetHints":{"allow":["GET"]}}],"collection":[{"href":"https:\/\/www.hapy-com.fr\/echoppe\/wp-json\/wp\/v2\/product"}],"about":[{"href":"https:\/\/www.hapy-com.fr\/echoppe\/wp-json\/wp\/v2\/types\/product"}],"wp:featuredmedia":[{"embeddable":true,"href":"https:\/\/www.hapy-com.fr\/echoppe\/wp-json\/wp\/v2\/media\/20640"}],"wp:attachment":[{"href":"https:\/\/www.hapy-com.fr\/echoppe\/wp-json\/wp\/v2\/media?parent=20645"}],"wp:term":[{"taxonomy":"product_cat","embeddable":true,"href":"https:\/\/www.hapy-com.fr\/echoppe\/wp-json\/wp\/v2\/product_cat?post=20645"},{"taxonomy":"product_tag","embeddable":true,"href":"https:\/\/www.hapy-com.fr\/echoppe\/wp-json\/wp\/v2\/product_tag?post=20645"}],"curies":[{"name":"wp","href":"https:\/\/api.w.org\/{rel}","templated":true}]}}