{"id":20722,"date":"2022-06-24T13:18:39","date_gmt":"2022-06-24T11:18:39","guid":{"rendered":"http:\/\/www.hapy-com.fr\/echoppe\/product\/t-shirt-adulte-tecnic-troser-4\/"},"modified":"2022-07-05T21:52:10","modified_gmt":"2022-07-05T19:52:10","slug":"t-shirt-adulte-tecnic-troser-4","status":"publish","type":"product","link":"https:\/\/www.hapy-com.fr\/echoppe\/product\/t-shirt-adulte-tecnic-troser-4\/","title":{"rendered":"T-Shirt Adulte Tecnic Troser"},"content":{"rendered":"<p>T-shirt technique pour adulte en polyester\/\u00e9lasthanne respirant 135g\/m2. Design bicolore, avec le corps en blanc, le dos et les d\u00e9tails en gris. Disponible dans les tailles S, M, L, XL, XXL. Couleur blanche sp\u00e9cialement fabriqu\u00e9e pour l\u00b4impression par sublimation.<\/p>\n","protected":false},"excerpt":{"rendered":"<p>T-shirt technique pour adulte en polyester\/\u00e9lasthanne respirant 135g\/m2. Design bicolore, avec le corps en blanc, le dos et les d\u00e9tails en gris. Disponible dans les tailles S, M, L, XL,&#8230;<\/p>\n","protected":false},"featured_media":20717,"template":"","meta":[],"product_cat":[460,334],"product_tag":[],"class_list":{"0":"post-20722","1":"product","2":"type-product","3":"status-publish","4":"has-post-thumbnail","6":"product_cat-t-shirt","7":"product_cat-textile","9":"first","10":"instock","11":"shipping-taxable","12":"purchasable","13":"product-type-simple"},"_links":{"self":[{"href":"https:\/\/www.hapy-com.fr\/echoppe\/wp-json\/wp\/v2\/product\/20722","targetHints":{"allow":["GET"]}}],"collection":[{"href":"https:\/\/www.hapy-com.fr\/echoppe\/wp-json\/wp\/v2\/product"}],"about":[{"href":"https:\/\/www.hapy-com.fr\/echoppe\/wp-json\/wp\/v2\/types\/product"}],"wp:featuredmedia":[{"embeddable":true,"href":"https:\/\/www.hapy-com.fr\/echoppe\/wp-json\/wp\/v2\/media\/20717"}],"wp:attachment":[{"href":"https:\/\/www.hapy-com.fr\/echoppe\/wp-json\/wp\/v2\/media?parent=20722"}],"wp:term":[{"taxonomy":"product_cat","embeddable":true,"href":"https:\/\/www.hapy-com.fr\/echoppe\/wp-json\/wp\/v2\/product_cat?post=20722"},{"taxonomy":"product_tag","embeddable":true,"href":"https:\/\/www.hapy-com.fr\/echoppe\/wp-json\/wp\/v2\/product_tag?post=20722"}],"curies":[{"name":"wp","href":"https:\/\/api.w.org\/{rel}","templated":true}]}}