{"id":20726,"date":"2022-06-24T13:18:43","date_gmt":"2022-06-24T11:18:43","guid":{"rendered":"http:\/\/www.hapy-com.fr\/echoppe\/product\/polo-tecnic-barclex\/"},"modified":"2022-07-05T21:40:41","modified_gmt":"2022-07-05T19:40:41","slug":"polo-tecnic-barclex","status":"publish","type":"product","link":"https:\/\/www.hapy-com.fr\/echoppe\/product\/polo-tecnic-barclex\/","title":{"rendered":"Polo Tecnic Barclex"},"content":{"rendered":"<p>Polo technique pour adulte en polyester respirant 180g\/m2. Design bicolore, avec le corps en blanc et les d\u00e9tails en gris. Disponible dans les tailles S, M, L, XL, XXL. Couleur blanche sp\u00e9cialement fabriqu\u00e9e pour l\u00b4impression par sublimation.<\/p>\n","protected":false},"excerpt":{"rendered":"<p>Polo technique pour adulte en polyester respirant 180g\/m2. Design bicolore, avec le corps en blanc et les d\u00e9tails en gris. Disponible dans les tailles S, M, L, XL, XXL. Couleur&#8230;<\/p>\n","protected":false},"featured_media":20724,"template":"","meta":[],"product_cat":[455,334],"product_tag":[],"class_list":{"0":"post-20726","1":"product","2":"type-product","3":"status-publish","4":"has-post-thumbnail","6":"product_cat-polo","7":"product_cat-textile","9":"first","10":"instock","11":"shipping-taxable","12":"purchasable","13":"product-type-simple"},"_links":{"self":[{"href":"https:\/\/www.hapy-com.fr\/echoppe\/wp-json\/wp\/v2\/product\/20726","targetHints":{"allow":["GET"]}}],"collection":[{"href":"https:\/\/www.hapy-com.fr\/echoppe\/wp-json\/wp\/v2\/product"}],"about":[{"href":"https:\/\/www.hapy-com.fr\/echoppe\/wp-json\/wp\/v2\/types\/product"}],"wp:featuredmedia":[{"embeddable":true,"href":"https:\/\/www.hapy-com.fr\/echoppe\/wp-json\/wp\/v2\/media\/20724"}],"wp:attachment":[{"href":"https:\/\/www.hapy-com.fr\/echoppe\/wp-json\/wp\/v2\/media?parent=20726"}],"wp:term":[{"taxonomy":"product_cat","embeddable":true,"href":"https:\/\/www.hapy-com.fr\/echoppe\/wp-json\/wp\/v2\/product_cat?post=20726"},{"taxonomy":"product_tag","embeddable":true,"href":"https:\/\/www.hapy-com.fr\/echoppe\/wp-json\/wp\/v2\/product_tag?post=20726"}],"curies":[{"name":"wp","href":"https:\/\/api.w.org\/{rel}","templated":true}]}}