{"id":20780,"date":"2022-06-24T13:19:03","date_gmt":"2022-06-24T11:19:03","guid":{"rendered":"http:\/\/www.hapy-com.fr\/echoppe\/product\/veste-blear-5\/"},"modified":"2022-07-05T21:36:05","modified_gmt":"2022-07-05T19:36:05","slug":"veste-blear-5","status":"publish","type":"product","link":"https:\/\/www.hapy-com.fr\/echoppe\/product\/veste-blear-5\/","title":{"rendered":"Veste Blear"},"content":{"rendered":"<p>Veste imperm\u00e9able et respirante en soft shell 300g\/m2. Design bicolore, avec le corps en blanc et les d\u00e9tails en gris. Fermeture \u00e9clair pour les poches avant et lat\u00e9rales. Poignets r\u00e9glables et disponible en tailles S, M, L, XL, XXL.<\/p>\n","protected":false},"excerpt":{"rendered":"<p>Veste imperm\u00e9able et respirante en soft shell 300g\/m2. Design bicolore, avec le corps en blanc et les d\u00e9tails en gris. Fermeture \u00e9clair pour les poches avant et lat\u00e9rales. Poignets r\u00e9glables&#8230;<\/p>\n","protected":false},"featured_media":20774,"template":"","meta":[],"product_cat":[450,334],"product_tag":[],"class_list":{"0":"post-20780","1":"product","2":"type-product","3":"status-publish","4":"has-post-thumbnail","6":"product_cat-gilet","7":"product_cat-textile","9":"first","10":"instock","11":"shipping-taxable","12":"purchasable","13":"product-type-simple"},"_links":{"self":[{"href":"https:\/\/www.hapy-com.fr\/echoppe\/wp-json\/wp\/v2\/product\/20780","targetHints":{"allow":["GET"]}}],"collection":[{"href":"https:\/\/www.hapy-com.fr\/echoppe\/wp-json\/wp\/v2\/product"}],"about":[{"href":"https:\/\/www.hapy-com.fr\/echoppe\/wp-json\/wp\/v2\/types\/product"}],"wp:featuredmedia":[{"embeddable":true,"href":"https:\/\/www.hapy-com.fr\/echoppe\/wp-json\/wp\/v2\/media\/20774"}],"wp:attachment":[{"href":"https:\/\/www.hapy-com.fr\/echoppe\/wp-json\/wp\/v2\/media?parent=20780"}],"wp:term":[{"taxonomy":"product_cat","embeddable":true,"href":"https:\/\/www.hapy-com.fr\/echoppe\/wp-json\/wp\/v2\/product_cat?post=20780"},{"taxonomy":"product_tag","embeddable":true,"href":"https:\/\/www.hapy-com.fr\/echoppe\/wp-json\/wp\/v2\/product_tag?post=20780"}],"curies":[{"name":"wp","href":"https:\/\/api.w.org\/{rel}","templated":true}]}}