{"id":20812,"date":"2022-06-24T13:19:18","date_gmt":"2022-06-24T11:19:18","guid":{"rendered":"http:\/\/www.hapy-com.fr\/echoppe\/product\/veste-mitens-8\/"},"modified":"2022-07-05T21:37:00","modified_gmt":"2022-07-05T19:37:00","slug":"veste-mitens-8","status":"publish","type":"product","link":"https:\/\/www.hapy-com.fr\/echoppe\/product\/veste-mitens-8\/","title":{"rendered":"Veste Mitens"},"content":{"rendered":"<p>Veste unisexe en mat\u00e9riau chaud et doux 100% polyester RPET, fabriqu\u00e9 \u00e0 partir de plastique recycl\u00e9 pour promouvoir la r\u00e9utilisation des d\u00e9chets plastiques et contribuer \u00e0 la durabilit\u00e9 de la plan\u00e8te.   Dans le mat\u00e9riel suppl\u00e9mentaire l\u00e9ger d\u2019effet de plume, imperm\u00e9able \u00e0 l\u2019eau et coupe-vent, avec le rembourrage int\u00e9rieur. Fermeture \u00e9clair de cou avec le tapis et le ruban dans la poign\u00e9e ,  grandes poches lat\u00e9rales zipp\u00e9es. Badge RPET sur \u00e9tiquette et disponible dans un large \u00e9ventail de couleurs. Tailles S, M, L, XL, XXL.<\/p>\n","protected":false},"excerpt":{"rendered":"<p>Veste unisexe en mat\u00e9riau chaud et doux 100% polyester RPET, fabriqu\u00e9 \u00e0 partir de plastique recycl\u00e9 pour promouvoir la r\u00e9utilisation des d\u00e9chets plastiques et contribuer \u00e0 la durabilit\u00e9 de la&#8230;<\/p>\n","protected":false},"featured_media":20809,"template":"","meta":[],"product_cat":[450,334],"product_tag":[],"class_list":{"0":"post-20812","1":"product","2":"type-product","3":"status-publish","4":"has-post-thumbnail","6":"product_cat-gilet","7":"product_cat-textile","9":"first","10":"instock","11":"shipping-taxable","12":"purchasable","13":"product-type-simple"},"_links":{"self":[{"href":"https:\/\/www.hapy-com.fr\/echoppe\/wp-json\/wp\/v2\/product\/20812","targetHints":{"allow":["GET"]}}],"collection":[{"href":"https:\/\/www.hapy-com.fr\/echoppe\/wp-json\/wp\/v2\/product"}],"about":[{"href":"https:\/\/www.hapy-com.fr\/echoppe\/wp-json\/wp\/v2\/types\/product"}],"wp:featuredmedia":[{"embeddable":true,"href":"https:\/\/www.hapy-com.fr\/echoppe\/wp-json\/wp\/v2\/media\/20809"}],"wp:attachment":[{"href":"https:\/\/www.hapy-com.fr\/echoppe\/wp-json\/wp\/v2\/media?parent=20812"}],"wp:term":[{"taxonomy":"product_cat","embeddable":true,"href":"https:\/\/www.hapy-com.fr\/echoppe\/wp-json\/wp\/v2\/product_cat?post=20812"},{"taxonomy":"product_tag","embeddable":true,"href":"https:\/\/www.hapy-com.fr\/echoppe\/wp-json\/wp\/v2\/product_tag?post=20812"}],"curies":[{"name":"wp","href":"https:\/\/api.w.org\/{rel}","templated":true}]}}