{"id":20897,"date":"2022-06-24T13:19:59","date_gmt":"2022-06-24T11:19:59","guid":{"rendered":"http:\/\/www.hapy-com.fr\/echoppe\/product\/gilet-reflechissant-kross-2\/"},"modified":"2022-07-05T21:32:12","modified_gmt":"2022-07-05T19:32:12","slug":"gilet-reflechissant-kross-2","status":"publish","type":"product","link":"https:\/\/www.hapy-com.fr\/echoppe\/product\/gilet-reflechissant-kross-2\/","title":{"rendered":"Gilet R\u00e9fl\u00e9chissant Kross"},"content":{"rendered":"<p>Gilet de s\u00e9curit\u00e9 r\u00e9fl\u00e9chissant \u00e0 haute visibilit\u00e9 r\u00e9pondant aux normes de s\u00e9curit\u00e9 CE. Avec double bande r\u00e9fl\u00e9chissante autour du corps et fermetures Velcro. Taille unique adulte.<\/p>\n","protected":false},"excerpt":{"rendered":"<p>Gilet de s\u00e9curit\u00e9 r\u00e9fl\u00e9chissant \u00e0 haute visibilit\u00e9 r\u00e9pondant aux normes de s\u00e9curit\u00e9 CE. Avec double bande r\u00e9fl\u00e9chissante autour du corps et fermetures Velcro. Taille unique adulte.<\/p>\n","protected":false},"featured_media":20896,"template":"","meta":[],"product_cat":[450,334],"product_tag":[],"class_list":{"0":"post-20897","1":"product","2":"type-product","3":"status-publish","4":"has-post-thumbnail","6":"product_cat-gilet","7":"product_cat-textile","9":"first","10":"instock","11":"shipping-taxable","12":"purchasable","13":"product-type-simple"},"_links":{"self":[{"href":"https:\/\/www.hapy-com.fr\/echoppe\/wp-json\/wp\/v2\/product\/20897","targetHints":{"allow":["GET"]}}],"collection":[{"href":"https:\/\/www.hapy-com.fr\/echoppe\/wp-json\/wp\/v2\/product"}],"about":[{"href":"https:\/\/www.hapy-com.fr\/echoppe\/wp-json\/wp\/v2\/types\/product"}],"wp:featuredmedia":[{"embeddable":true,"href":"https:\/\/www.hapy-com.fr\/echoppe\/wp-json\/wp\/v2\/media\/20896"}],"wp:attachment":[{"href":"https:\/\/www.hapy-com.fr\/echoppe\/wp-json\/wp\/v2\/media?parent=20897"}],"wp:term":[{"taxonomy":"product_cat","embeddable":true,"href":"https:\/\/www.hapy-com.fr\/echoppe\/wp-json\/wp\/v2\/product_cat?post=20897"},{"taxonomy":"product_tag","embeddable":true,"href":"https:\/\/www.hapy-com.fr\/echoppe\/wp-json\/wp\/v2\/product_tag?post=20897"}],"curies":[{"name":"wp","href":"https:\/\/api.w.org\/{rel}","templated":true}]}}