{"id":20911,"date":"2022-06-24T13:20:06","date_gmt":"2022-06-24T11:20:06","guid":{"rendered":"http:\/\/www.hapy-com.fr\/echoppe\/product\/gilet-forest-10\/"},"modified":"2022-07-05T21:32:05","modified_gmt":"2022-07-05T19:32:05","slug":"gilet-forest-10","status":"publish","type":"product","link":"https:\/\/www.hapy-com.fr\/echoppe\/product\/gilet-forest-10\/","title":{"rendered":"Gilet Forest"},"content":{"rendered":"<p>Veste en polaire fleece chaude et lisse de 280g \/ m2 avec traitement anti-boulochage. Mod\u00e8le avec col int\u00e9rieur color\u00e9, fermeture \u00e0 glissi\u00e8re avec tirette, poches lat\u00e9rales zipp\u00e9es et taille \u00e9lastique. Disponible en tailles M, L, XL, XXL.<\/p>\n","protected":false},"excerpt":{"rendered":"<p>Veste en polaire fleece chaude et lisse de 280g \/ m2 avec traitement anti-boulochage. Mod\u00e8le avec col int\u00e9rieur color\u00e9, fermeture \u00e0 glissi\u00e8re avec tirette, poches lat\u00e9rales zipp\u00e9es et taille \u00e9lastique&#8230;.<\/p>\n","protected":false},"featured_media":20909,"template":"","meta":[],"product_cat":[450,334],"product_tag":[],"class_list":{"0":"post-20911","1":"product","2":"type-product","3":"status-publish","4":"has-post-thumbnail","6":"product_cat-gilet","7":"product_cat-textile","9":"first","10":"instock","11":"shipping-taxable","12":"purchasable","13":"product-type-simple"},"_links":{"self":[{"href":"https:\/\/www.hapy-com.fr\/echoppe\/wp-json\/wp\/v2\/product\/20911","targetHints":{"allow":["GET"]}}],"collection":[{"href":"https:\/\/www.hapy-com.fr\/echoppe\/wp-json\/wp\/v2\/product"}],"about":[{"href":"https:\/\/www.hapy-com.fr\/echoppe\/wp-json\/wp\/v2\/types\/product"}],"wp:featuredmedia":[{"embeddable":true,"href":"https:\/\/www.hapy-com.fr\/echoppe\/wp-json\/wp\/v2\/media\/20909"}],"wp:attachment":[{"href":"https:\/\/www.hapy-com.fr\/echoppe\/wp-json\/wp\/v2\/media?parent=20911"}],"wp:term":[{"taxonomy":"product_cat","embeddable":true,"href":"https:\/\/www.hapy-com.fr\/echoppe\/wp-json\/wp\/v2\/product_cat?post=20911"},{"taxonomy":"product_tag","embeddable":true,"href":"https:\/\/www.hapy-com.fr\/echoppe\/wp-json\/wp\/v2\/product_tag?post=20911"}],"curies":[{"name":"wp","href":"https:\/\/api.w.org\/{rel}","templated":true}]}}