{"id":20937,"date":"2022-06-24T13:20:18","date_gmt":"2022-06-24T11:20:18","guid":{"rendered":"http:\/\/www.hapy-com.fr\/echoppe\/product\/impermeable-grid-2\/"},"modified":"2022-07-05T21:35:53","modified_gmt":"2022-07-05T19:35:53","slug":"impermeable-grid-2","status":"publish","type":"product","link":"https:\/\/www.hapy-com.fr\/echoppe\/product\/impermeable-grid-2\/","title":{"rendered":"Imperm\u00e9able Grid"},"content":{"rendered":"<p>Imperm\u00e9able en polyester 190T r\u00e9sistant en couleurs vari\u00e9es. Capuche zipp\u00e9e int\u00e9gr\u00e9e dans le col avec cordons de serrage. Fermeture principale zipp\u00e9e et poches lat\u00e9rales. Disponible en tailles M-L et XL-XXL.<\/p>\n","protected":false},"excerpt":{"rendered":"<p>Imperm\u00e9able en polyester 190T r\u00e9sistant en couleurs vari\u00e9es. Capuche zipp\u00e9e int\u00e9gr\u00e9e dans le col avec cordons de serrage. Fermeture principale zipp\u00e9e et poches lat\u00e9rales. Disponible en tailles M-L et XL-XXL.<\/p>\n","protected":false},"featured_media":20934,"template":"","meta":[],"product_cat":[450,334],"product_tag":[],"class_list":{"0":"post-20937","1":"product","2":"type-product","3":"status-publish","4":"has-post-thumbnail","6":"product_cat-gilet","7":"product_cat-textile","9":"first","10":"instock","11":"shipping-taxable","12":"purchasable","13":"product-type-simple"},"_links":{"self":[{"href":"https:\/\/www.hapy-com.fr\/echoppe\/wp-json\/wp\/v2\/product\/20937","targetHints":{"allow":["GET"]}}],"collection":[{"href":"https:\/\/www.hapy-com.fr\/echoppe\/wp-json\/wp\/v2\/product"}],"about":[{"href":"https:\/\/www.hapy-com.fr\/echoppe\/wp-json\/wp\/v2\/types\/product"}],"wp:featuredmedia":[{"embeddable":true,"href":"https:\/\/www.hapy-com.fr\/echoppe\/wp-json\/wp\/v2\/media\/20934"}],"wp:attachment":[{"href":"https:\/\/www.hapy-com.fr\/echoppe\/wp-json\/wp\/v2\/media?parent=20937"}],"wp:term":[{"taxonomy":"product_cat","embeddable":true,"href":"https:\/\/www.hapy-com.fr\/echoppe\/wp-json\/wp\/v2\/product_cat?post=20937"},{"taxonomy":"product_tag","embeddable":true,"href":"https:\/\/www.hapy-com.fr\/echoppe\/wp-json\/wp\/v2\/product_tag?post=20937"}],"curies":[{"name":"wp","href":"https:\/\/api.w.org\/{rel}","templated":true}]}}