{"id":21030,"date":"2022-06-24T13:26:45","date_gmt":"2022-06-24T11:26:45","guid":{"rendered":"http:\/\/www.hapy-com.fr\/echoppe\/product\/etui-shilay-7\/"},"modified":"2022-06-24T13:26:45","modified_gmt":"2022-06-24T11:26:45","slug":"etui-shilay-7","status":"publish","type":"product","link":"https:\/\/www.hapy-com.fr\/echoppe\/product\/etui-shilay-7\/","title":{"rendered":"\u00c9tui Shilay"},"content":{"rendered":"<p>Etui pour cl\u00e9 USB aux couleurs vari\u00e9es, avec fermeture zipp\u00e9e assortie et finition en similicuir souple.<\/p>\n","protected":false},"excerpt":{"rendered":"<p>Etui pour cl\u00e9 USB aux couleurs vari\u00e9es, avec fermeture zipp\u00e9e assortie et finition en similicuir souple.<\/p>\n","protected":false},"featured_media":21029,"template":"","meta":[],"product_cat":[359],"product_tag":[],"class_list":{"0":"post-21030","1":"product","2":"type-product","3":"status-publish","4":"has-post-thumbnail","6":"product_cat-emballage-speciaux","8":"first","9":"instock","10":"shipping-taxable","11":"purchasable","12":"product-type-simple"},"_links":{"self":[{"href":"https:\/\/www.hapy-com.fr\/echoppe\/wp-json\/wp\/v2\/product\/21030","targetHints":{"allow":["GET"]}}],"collection":[{"href":"https:\/\/www.hapy-com.fr\/echoppe\/wp-json\/wp\/v2\/product"}],"about":[{"href":"https:\/\/www.hapy-com.fr\/echoppe\/wp-json\/wp\/v2\/types\/product"}],"wp:featuredmedia":[{"embeddable":true,"href":"https:\/\/www.hapy-com.fr\/echoppe\/wp-json\/wp\/v2\/media\/21029"}],"wp:attachment":[{"href":"https:\/\/www.hapy-com.fr\/echoppe\/wp-json\/wp\/v2\/media?parent=21030"}],"wp:term":[{"taxonomy":"product_cat","embeddable":true,"href":"https:\/\/www.hapy-com.fr\/echoppe\/wp-json\/wp\/v2\/product_cat?post=21030"},{"taxonomy":"product_tag","embeddable":true,"href":"https:\/\/www.hapy-com.fr\/echoppe\/wp-json\/wp\/v2\/product_tag?post=21030"}],"curies":[{"name":"wp","href":"https:\/\/api.w.org\/{rel}","templated":true}]}}