{"id":21038,"date":"2022-06-24T13:26:52","date_gmt":"2022-06-24T11:26:52","guid":{"rendered":"http:\/\/www.hapy-com.fr\/echoppe\/product\/sac-varien-2\/"},"modified":"2022-06-24T13:26:52","modified_gmt":"2022-06-24T11:26:52","slug":"sac-varien-2","status":"publish","type":"product","link":"https:\/\/www.hapy-com.fr\/echoppe\/product\/sac-varien-2\/","title":{"rendered":"Sac Varien"},"content":{"rendered":"<p>Sac en intiss\u00e9 r\u00e9sistant pour bouteilles de vin de 75 cl. Gamme de couleurs sobres, finition thermosoud\u00e9e et r\u00e9sistante avec poign\u00e9e d\u00e9coup\u00e9e renforc\u00e9e.<\/p>\n","protected":false},"excerpt":{"rendered":"<p>Sac en intiss\u00e9 r\u00e9sistant pour bouteilles de vin de 75 cl. Gamme de couleurs sobres, finition thermosoud\u00e9e et r\u00e9sistante avec poign\u00e9e d\u00e9coup\u00e9e renforc\u00e9e.<\/p>\n","protected":false},"featured_media":21037,"template":"","meta":[],"product_cat":[359],"product_tag":[],"class_list":{"0":"post-21038","1":"product","2":"type-product","3":"status-publish","4":"has-post-thumbnail","6":"product_cat-emballage-speciaux","8":"first","9":"instock","10":"shipping-taxable","11":"purchasable","12":"product-type-simple"},"_links":{"self":[{"href":"https:\/\/www.hapy-com.fr\/echoppe\/wp-json\/wp\/v2\/product\/21038","targetHints":{"allow":["GET"]}}],"collection":[{"href":"https:\/\/www.hapy-com.fr\/echoppe\/wp-json\/wp\/v2\/product"}],"about":[{"href":"https:\/\/www.hapy-com.fr\/echoppe\/wp-json\/wp\/v2\/types\/product"}],"wp:featuredmedia":[{"embeddable":true,"href":"https:\/\/www.hapy-com.fr\/echoppe\/wp-json\/wp\/v2\/media\/21037"}],"wp:attachment":[{"href":"https:\/\/www.hapy-com.fr\/echoppe\/wp-json\/wp\/v2\/media?parent=21038"}],"wp:term":[{"taxonomy":"product_cat","embeddable":true,"href":"https:\/\/www.hapy-com.fr\/echoppe\/wp-json\/wp\/v2\/product_cat?post=21038"},{"taxonomy":"product_tag","embeddable":true,"href":"https:\/\/www.hapy-com.fr\/echoppe\/wp-json\/wp\/v2\/product_tag?post=21038"}],"curies":[{"name":"wp","href":"https:\/\/api.w.org\/{rel}","templated":true}]}}