{"id":21278,"date":"2022-06-24T13:30:22","date_gmt":"2022-06-24T11:30:22","guid":{"rendered":"http:\/\/www.hapy-com.fr\/echoppe\/product\/parasol-taner-4\/"},"modified":"2022-07-05T23:49:04","modified_gmt":"2022-07-05T21:49:04","slug":"parasol-taner-4","status":"publish","type":"product","link":"https:\/\/www.hapy-com.fr\/echoppe\/product\/parasol-taner-4\/","title":{"rendered":"Parasol Taner"},"content":{"rendered":"<p>Parasol de plage 8 panneaux en nylon r\u00e9sistant, int\u00e9rieur gris argent avec protection UV. Gamme vari\u00e9e de couleurs vives. Diametre 150cm avec jupes lat\u00e9rales gans\u00e9es, tubes m\u00e9talliques blancs r\u00e9glables en hauteur. Pr\u00e9sent\u00e9 dans un fourreau en nylon avec bandouli\u00e8re.<\/p>\n","protected":false},"excerpt":{"rendered":"<p>Parasol de plage 8 panneaux en nylon r\u00e9sistant, int\u00e9rieur gris argent avec protection UV. Gamme vari\u00e9e de couleurs vives. Diametre 150cm avec jupes lat\u00e9rales gans\u00e9es, tubes m\u00e9talliques blancs r\u00e9glables en&#8230;<\/p>\n","protected":false},"featured_media":21277,"template":"","meta":[],"product_cat":[360,489],"product_tag":[],"class_list":{"0":"post-21278","1":"product","2":"type-product","3":"status-publish","4":"has-post-thumbnail","6":"product_cat-ete-et-plage","7":"product_cat-parasol","9":"first","10":"instock","11":"shipping-taxable","12":"purchasable","13":"product-type-simple"},"_links":{"self":[{"href":"https:\/\/www.hapy-com.fr\/echoppe\/wp-json\/wp\/v2\/product\/21278","targetHints":{"allow":["GET"]}}],"collection":[{"href":"https:\/\/www.hapy-com.fr\/echoppe\/wp-json\/wp\/v2\/product"}],"about":[{"href":"https:\/\/www.hapy-com.fr\/echoppe\/wp-json\/wp\/v2\/types\/product"}],"wp:featuredmedia":[{"embeddable":true,"href":"https:\/\/www.hapy-com.fr\/echoppe\/wp-json\/wp\/v2\/media\/21277"}],"wp:attachment":[{"href":"https:\/\/www.hapy-com.fr\/echoppe\/wp-json\/wp\/v2\/media?parent=21278"}],"wp:term":[{"taxonomy":"product_cat","embeddable":true,"href":"https:\/\/www.hapy-com.fr\/echoppe\/wp-json\/wp\/v2\/product_cat?post=21278"},{"taxonomy":"product_tag","embeddable":true,"href":"https:\/\/www.hapy-com.fr\/echoppe\/wp-json\/wp\/v2\/product_tag?post=21278"}],"curies":[{"name":"wp","href":"https:\/\/api.w.org\/{rel}","templated":true}]}}