{"id":21317,"date":"2022-06-24T13:30:53","date_gmt":"2022-06-24T11:30:53","guid":{"rendered":"http:\/\/www.hapy-com.fr\/echoppe\/product\/fourre-tout-tamy\/"},"modified":"2022-07-06T00:08:11","modified_gmt":"2022-07-05T22:08:11","slug":"fourre-tout-tamy","status":"publish","type":"product","link":"https:\/\/www.hapy-com.fr\/echoppe\/product\/fourre-tout-tamy\/","title":{"rendered":"Fourre-Tout Tamy"},"content":{"rendered":"<p>Fourre-tout pratique imperm\u00e9able en PVC translucide avec fen\u00eatre frontale transparente, fonction tactile et fermeture \u00e9tanche. Rabat avec fermeture \u00e0 boutons pressions assortis et lani\u00e8re de transport assortie avec accessoire de r\u00e9glage.<\/p>\n","protected":false},"excerpt":{"rendered":"<p>Fourre-tout pratique imperm\u00e9able en PVC translucide avec fen\u00eatre frontale transparente, fonction tactile et fermeture \u00e9tanche. Rabat avec fermeture \u00e0 boutons pressions assortis et lani\u00e8re de transport assortie avec accessoire de&#8230;<\/p>\n","protected":false},"featured_media":21315,"template":"","meta":[],"product_cat":[360,471],"product_tag":[],"class_list":{"0":"post-21317","1":"product","2":"type-product","3":"status-publish","4":"has-post-thumbnail","6":"product_cat-ete-et-plage","7":"product_cat-fourre-tout-accessoires-ete-et-plage","9":"first","10":"instock","11":"shipping-taxable","12":"purchasable","13":"product-type-simple"},"_links":{"self":[{"href":"https:\/\/www.hapy-com.fr\/echoppe\/wp-json\/wp\/v2\/product\/21317","targetHints":{"allow":["GET"]}}],"collection":[{"href":"https:\/\/www.hapy-com.fr\/echoppe\/wp-json\/wp\/v2\/product"}],"about":[{"href":"https:\/\/www.hapy-com.fr\/echoppe\/wp-json\/wp\/v2\/types\/product"}],"wp:featuredmedia":[{"embeddable":true,"href":"https:\/\/www.hapy-com.fr\/echoppe\/wp-json\/wp\/v2\/media\/21315"}],"wp:attachment":[{"href":"https:\/\/www.hapy-com.fr\/echoppe\/wp-json\/wp\/v2\/media?parent=21317"}],"wp:term":[{"taxonomy":"product_cat","embeddable":true,"href":"https:\/\/www.hapy-com.fr\/echoppe\/wp-json\/wp\/v2\/product_cat?post=21317"},{"taxonomy":"product_tag","embeddable":true,"href":"https:\/\/www.hapy-com.fr\/echoppe\/wp-json\/wp\/v2\/product_tag?post=21317"}],"curies":[{"name":"wp","href":"https:\/\/api.w.org\/{rel}","templated":true}]}}