{"id":21449,"date":"2022-06-24T13:32:32","date_gmt":"2022-06-24T11:32:32","guid":{"rendered":"http:\/\/www.hapy-com.fr\/echoppe\/product\/serviette-absorbante-lypso-4\/"},"modified":"2022-07-06T00:09:27","modified_gmt":"2022-07-05T22:09:27","slug":"serviette-absorbante-lypso-4","status":"publish","type":"product","link":"https:\/\/www.hapy-com.fr\/echoppe\/product\/serviette-absorbante-lypso-4\/","title":{"rendered":"Serviette Absorbante Lypso"},"content":{"rendered":"<p>Serviette en microfibre ultra absorbante et douce en 345g\/m2. Coloris vari\u00e9s.Dimensions 150x75cm . *Pour les commandes avec impression, le co\u00fbt du marquage doit \u00eatre major\u00e9 de + 0,20 \/ unit\u00e9 pour traitement sp\u00e9cial.*<\/p>\n","protected":false},"excerpt":{"rendered":"<p>Serviette en microfibre ultra absorbante et douce en 345g\/m2. Coloris vari\u00e9s.Dimensions 150x75cm . *Pour les commandes avec impression, le co\u00fbt du marquage doit \u00eatre major\u00e9 de + 0,20 \/ unit\u00e9&#8230;<\/p>\n","protected":false},"featured_media":21443,"template":"","meta":[],"product_cat":[360,473],"product_tag":[],"class_list":{"0":"post-21449","1":"product","2":"type-product","3":"status-publish","4":"has-post-thumbnail","6":"product_cat-ete-et-plage","7":"product_cat-serviette","9":"first","10":"instock","11":"shipping-taxable","12":"purchasable","13":"product-type-simple"},"_links":{"self":[{"href":"https:\/\/www.hapy-com.fr\/echoppe\/wp-json\/wp\/v2\/product\/21449","targetHints":{"allow":["GET"]}}],"collection":[{"href":"https:\/\/www.hapy-com.fr\/echoppe\/wp-json\/wp\/v2\/product"}],"about":[{"href":"https:\/\/www.hapy-com.fr\/echoppe\/wp-json\/wp\/v2\/types\/product"}],"wp:featuredmedia":[{"embeddable":true,"href":"https:\/\/www.hapy-com.fr\/echoppe\/wp-json\/wp\/v2\/media\/21443"}],"wp:attachment":[{"href":"https:\/\/www.hapy-com.fr\/echoppe\/wp-json\/wp\/v2\/media?parent=21449"}],"wp:term":[{"taxonomy":"product_cat","embeddable":true,"href":"https:\/\/www.hapy-com.fr\/echoppe\/wp-json\/wp\/v2\/product_cat?post=21449"},{"taxonomy":"product_tag","embeddable":true,"href":"https:\/\/www.hapy-com.fr\/echoppe\/wp-json\/wp\/v2\/product_tag?post=21449"}],"curies":[{"name":"wp","href":"https:\/\/api.w.org\/{rel}","templated":true}]}}