{"id":21556,"date":"2022-06-24T13:34:12","date_gmt":"2022-06-24T11:34:12","guid":{"rendered":"http:\/\/www.hapy-com.fr\/echoppe\/product\/raquette-plage-faluk\/"},"modified":"2022-07-05T23:32:42","modified_gmt":"2022-07-05T21:32:42","slug":"raquette-plage-faluk","status":"publish","type":"product","link":"https:\/\/www.hapy-com.fr\/echoppe\/product\/raquette-plage-faluk\/","title":{"rendered":"Raquette Plage Faluk"},"content":{"rendered":"<p>Paire de raquettes de plage de haute qualit\u00e9 en bois naturel. Gamme vari\u00e9e de couleurs lumineuses. Avec manche renforc\u00e9 assorti. Pr\u00e9sent\u00e9 dans un sac en filet avec balle.<\/p>\n","protected":false},"excerpt":{"rendered":"<p>Paire de raquettes de plage de haute qualit\u00e9 en bois naturel. Gamme vari\u00e9e de couleurs lumineuses. Avec manche renforc\u00e9 assorti. Pr\u00e9sent\u00e9 dans un sac en filet avec balle.<\/p>\n","protected":false},"featured_media":21554,"template":"","meta":[],"product_cat":[360,467],"product_tag":[],"class_list":{"0":"post-21556","1":"product","2":"type-product","3":"status-publish","4":"has-post-thumbnail","6":"product_cat-ete-et-plage","7":"product_cat-jeux-de-plein-air","9":"first","10":"instock","11":"shipping-taxable","12":"purchasable","13":"product-type-simple"},"_links":{"self":[{"href":"https:\/\/www.hapy-com.fr\/echoppe\/wp-json\/wp\/v2\/product\/21556","targetHints":{"allow":["GET"]}}],"collection":[{"href":"https:\/\/www.hapy-com.fr\/echoppe\/wp-json\/wp\/v2\/product"}],"about":[{"href":"https:\/\/www.hapy-com.fr\/echoppe\/wp-json\/wp\/v2\/types\/product"}],"wp:featuredmedia":[{"embeddable":true,"href":"https:\/\/www.hapy-com.fr\/echoppe\/wp-json\/wp\/v2\/media\/21554"}],"wp:attachment":[{"href":"https:\/\/www.hapy-com.fr\/echoppe\/wp-json\/wp\/v2\/media?parent=21556"}],"wp:term":[{"taxonomy":"product_cat","embeddable":true,"href":"https:\/\/www.hapy-com.fr\/echoppe\/wp-json\/wp\/v2\/product_cat?post=21556"},{"taxonomy":"product_tag","embeddable":true,"href":"https:\/\/www.hapy-com.fr\/echoppe\/wp-json\/wp\/v2\/product_tag?post=21556"}],"curies":[{"name":"wp","href":"https:\/\/api.w.org\/{rel}","templated":true}]}}