{"id":21581,"date":"2022-06-24T13:34:33","date_gmt":"2022-06-24T11:34:33","guid":{"rendered":"http:\/\/www.hapy-com.fr\/echoppe\/product\/sac-kinser\/"},"modified":"2022-06-24T13:34:33","modified_gmt":"2022-06-24T11:34:33","slug":"sac-kinser","status":"publish","type":"product","link":"https:\/\/www.hapy-com.fr\/echoppe\/product\/sac-kinser\/","title":{"rendered":"Sac Kinser"},"content":{"rendered":"<p>Sac imperm\u00e9able dans ripstop doux et r\u00e9sistant. Avec fermeture de bo\u00eete de s\u00e9curit\u00e9 et capacit\u00e9 de 2,3 l. Poign\u00e9e avec boucle de fermeture et carabinier pour le transport inclus. Disponible dans une large gamme de couleurs de finition brillante, avec des accessoires dajustement noir.<\/p>\n","protected":false},"excerpt":{"rendered":"<p>Sac imperm\u00e9able dans ripstop doux et r\u00e9sistant. Avec fermeture de bo\u00eete de s\u00e9curit\u00e9 et capacit\u00e9 de 2,3 l. Poign\u00e9e avec boucle de fermeture et carabinier pour le transport inclus. Disponible&#8230;<\/p>\n","protected":false},"featured_media":21580,"template":"","meta":[],"product_cat":[360],"product_tag":[],"class_list":{"0":"post-21581","1":"product","2":"type-product","3":"status-publish","4":"has-post-thumbnail","6":"product_cat-ete-et-plage","8":"first","9":"instock","10":"shipping-taxable","11":"purchasable","12":"product-type-simple"},"_links":{"self":[{"href":"https:\/\/www.hapy-com.fr\/echoppe\/wp-json\/wp\/v2\/product\/21581","targetHints":{"allow":["GET"]}}],"collection":[{"href":"https:\/\/www.hapy-com.fr\/echoppe\/wp-json\/wp\/v2\/product"}],"about":[{"href":"https:\/\/www.hapy-com.fr\/echoppe\/wp-json\/wp\/v2\/types\/product"}],"wp:featuredmedia":[{"embeddable":true,"href":"https:\/\/www.hapy-com.fr\/echoppe\/wp-json\/wp\/v2\/media\/21580"}],"wp:attachment":[{"href":"https:\/\/www.hapy-com.fr\/echoppe\/wp-json\/wp\/v2\/media?parent=21581"}],"wp:term":[{"taxonomy":"product_cat","embeddable":true,"href":"https:\/\/www.hapy-com.fr\/echoppe\/wp-json\/wp\/v2\/product_cat?post=21581"},{"taxonomy":"product_tag","embeddable":true,"href":"https:\/\/www.hapy-com.fr\/echoppe\/wp-json\/wp\/v2\/product_tag?post=21581"}],"curies":[{"name":"wp","href":"https:\/\/api.w.org\/{rel}","templated":true}]}}