{"id":21626,"date":"2022-06-24T13:35:12","date_gmt":"2022-06-24T11:35:12","guid":{"rendered":"http:\/\/www.hapy-com.fr\/echoppe\/product\/eventail-tetex-3\/"},"modified":"2022-07-06T00:10:25","modified_gmt":"2022-07-05T22:10:25","slug":"eventail-tetex-3","status":"publish","type":"product","link":"https:\/\/www.hapy-com.fr\/echoppe\/product\/eventail-tetex-3\/","title":{"rendered":"\u00c9ventail Tetex"},"content":{"rendered":"<p>Eventail de grande taille avec des tiges en plastique et tissu en polyester aux couleurs vari\u00e9es. Pr\u00e9sent\u00e9 en boite individuelle.<\/p>\n","protected":false},"excerpt":{"rendered":"<p>Eventail de grande taille avec des tiges en plastique et tissu en polyester aux couleurs vari\u00e9es. Pr\u00e9sent\u00e9 en boite individuelle.<\/p>\n","protected":false},"featured_media":21625,"template":"","meta":[],"product_cat":[360,470],"product_tag":[],"class_list":{"0":"post-21626","1":"product","2":"type-product","3":"status-publish","4":"has-post-thumbnail","6":"product_cat-ete-et-plage","7":"product_cat-eventail","9":"first","10":"instock","11":"shipping-taxable","12":"purchasable","13":"product-type-simple"},"_links":{"self":[{"href":"https:\/\/www.hapy-com.fr\/echoppe\/wp-json\/wp\/v2\/product\/21626","targetHints":{"allow":["GET"]}}],"collection":[{"href":"https:\/\/www.hapy-com.fr\/echoppe\/wp-json\/wp\/v2\/product"}],"about":[{"href":"https:\/\/www.hapy-com.fr\/echoppe\/wp-json\/wp\/v2\/types\/product"}],"wp:featuredmedia":[{"embeddable":true,"href":"https:\/\/www.hapy-com.fr\/echoppe\/wp-json\/wp\/v2\/media\/21625"}],"wp:attachment":[{"href":"https:\/\/www.hapy-com.fr\/echoppe\/wp-json\/wp\/v2\/media?parent=21626"}],"wp:term":[{"taxonomy":"product_cat","embeddable":true,"href":"https:\/\/www.hapy-com.fr\/echoppe\/wp-json\/wp\/v2\/product_cat?post=21626"},{"taxonomy":"product_tag","embeddable":true,"href":"https:\/\/www.hapy-com.fr\/echoppe\/wp-json\/wp\/v2\/product_tag?post=21626"}],"curies":[{"name":"wp","href":"https:\/\/api.w.org\/{rel}","templated":true}]}}