{"id":21703,"date":"2022-06-24T13:36:40","date_gmt":"2022-06-24T11:36:40","guid":{"rendered":"http:\/\/www.hapy-com.fr\/echoppe\/product\/cage-de-buts-bentul\/"},"modified":"2022-06-24T13:36:40","modified_gmt":"2022-06-24T11:36:40","slug":"cage-de-buts-bentul","status":"publish","type":"product","link":"https:\/\/www.hapy-com.fr\/echoppe\/product\/cage-de-buts-bentul\/","title":{"rendered":"Cage de Buts Bentul"},"content":{"rendered":"<p>But gonflable amusant en PVC blanc r\u00e9sistant. Pr\u00e9sent\u00e9 avec un pliage sp\u00e9cial pour faciliter l\u00b4impression.<\/p>\n","protected":false},"excerpt":{"rendered":"<p>But gonflable amusant en PVC blanc r\u00e9sistant. Pr\u00e9sent\u00e9 avec un pliage sp\u00e9cial pour faciliter l\u00b4impression.<\/p>\n","protected":false},"featured_media":21702,"template":"","meta":[],"product_cat":[360],"product_tag":[],"class_list":{"0":"post-21703","1":"product","2":"type-product","3":"status-publish","4":"has-post-thumbnail","6":"product_cat-ete-et-plage","8":"first","9":"instock","10":"shipping-taxable","11":"purchasable","12":"product-type-simple"},"_links":{"self":[{"href":"https:\/\/www.hapy-com.fr\/echoppe\/wp-json\/wp\/v2\/product\/21703","targetHints":{"allow":["GET"]}}],"collection":[{"href":"https:\/\/www.hapy-com.fr\/echoppe\/wp-json\/wp\/v2\/product"}],"about":[{"href":"https:\/\/www.hapy-com.fr\/echoppe\/wp-json\/wp\/v2\/types\/product"}],"wp:featuredmedia":[{"embeddable":true,"href":"https:\/\/www.hapy-com.fr\/echoppe\/wp-json\/wp\/v2\/media\/21702"}],"wp:attachment":[{"href":"https:\/\/www.hapy-com.fr\/echoppe\/wp-json\/wp\/v2\/media?parent=21703"}],"wp:term":[{"taxonomy":"product_cat","embeddable":true,"href":"https:\/\/www.hapy-com.fr\/echoppe\/wp-json\/wp\/v2\/product_cat?post=21703"},{"taxonomy":"product_tag","embeddable":true,"href":"https:\/\/www.hapy-com.fr\/echoppe\/wp-json\/wp\/v2\/product_tag?post=21703"}],"curies":[{"name":"wp","href":"https:\/\/api.w.org\/{rel}","templated":true}]}}