{"id":21768,"date":"2022-06-24T13:37:40","date_gmt":"2022-06-24T11:37:40","guid":{"rendered":"http:\/\/www.hapy-com.fr\/echoppe\/product\/parasol-sandok-5\/"},"modified":"2022-07-05T23:49:03","modified_gmt":"2022-07-05T21:49:03","slug":"parasol-sandok-5","status":"publish","type":"product","link":"https:\/\/www.hapy-com.fr\/echoppe\/product\/parasol-sandok-5\/","title":{"rendered":"Parasol Sandok"},"content":{"rendered":"<p>Parasol de plage \u00e0 8 panneaux en nylon r\u00e9sistant avec int\u00e9rieur gris argent et protection UV. R\u00e9glable en hauteur, m\u00e2t t\u00e9lescopique inclinable. Diam\u00e8tre 200 cm, avec jupes lat\u00e9rales gans\u00e9es et  tubes m\u00e9talliques blancs. Gamme vari\u00e9e de couleurs vives. Pr\u00e9sent\u00e9 dans une housse en nylon avec bandouli\u00e8re.<\/p>\n","protected":false},"excerpt":{"rendered":"<p>Parasol de plage \u00e0 8 panneaux en nylon r\u00e9sistant avec int\u00e9rieur gris argent et protection UV. R\u00e9glable en hauteur, m\u00e2t t\u00e9lescopique inclinable. Diam\u00e8tre 200 cm, avec jupes lat\u00e9rales gans\u00e9es et&#8230;<\/p>\n","protected":false},"featured_media":21767,"template":"","meta":[],"product_cat":[360,489],"product_tag":[],"class_list":{"0":"post-21768","1":"product","2":"type-product","3":"status-publish","4":"has-post-thumbnail","6":"product_cat-ete-et-plage","7":"product_cat-parasol","9":"first","10":"instock","11":"shipping-taxable","12":"purchasable","13":"product-type-simple"},"_links":{"self":[{"href":"https:\/\/www.hapy-com.fr\/echoppe\/wp-json\/wp\/v2\/product\/21768","targetHints":{"allow":["GET"]}}],"collection":[{"href":"https:\/\/www.hapy-com.fr\/echoppe\/wp-json\/wp\/v2\/product"}],"about":[{"href":"https:\/\/www.hapy-com.fr\/echoppe\/wp-json\/wp\/v2\/types\/product"}],"wp:featuredmedia":[{"embeddable":true,"href":"https:\/\/www.hapy-com.fr\/echoppe\/wp-json\/wp\/v2\/media\/21767"}],"wp:attachment":[{"href":"https:\/\/www.hapy-com.fr\/echoppe\/wp-json\/wp\/v2\/media?parent=21768"}],"wp:term":[{"taxonomy":"product_cat","embeddable":true,"href":"https:\/\/www.hapy-com.fr\/echoppe\/wp-json\/wp\/v2\/product_cat?post=21768"},{"taxonomy":"product_tag","embeddable":true,"href":"https:\/\/www.hapy-com.fr\/echoppe\/wp-json\/wp\/v2\/product_tag?post=21768"}],"curies":[{"name":"wp","href":"https:\/\/api.w.org\/{rel}","templated":true}]}}