{"id":21780,"date":"2022-06-24T13:37:51","date_gmt":"2022-06-24T11:37:51","guid":{"rendered":"http:\/\/www.hapy-com.fr\/echoppe\/product\/natte-de-plage-reiven-6\/"},"modified":"2022-07-05T23:47:20","modified_gmt":"2022-07-05T21:47:20","slug":"natte-de-plage-reiven-6","status":"publish","type":"product","link":"https:\/\/www.hapy-com.fr\/echoppe\/product\/natte-de-plage-reiven-6\/","title":{"rendered":"Natte de Plage Reiven"},"content":{"rendered":"<p>Natte de plage pliante de dimensions 180 x 60cm en PP tress\u00e9 de haute r\u00e9sistance. Gamme de couleurs vives et vari\u00e9es. Fermeture par \u00e9lastique et poign\u00e9e de transport. *Pour les commandes avec impression, le co\u00fbt du marquage doit \u00eatre major\u00e9 de + 0,20 \/ unit\u00e9 pour traitement sp\u00e9cial.*<\/p>\n","protected":false},"excerpt":{"rendered":"<p>Natte de plage pliante de dimensions 180 x 60cm en PP tress\u00e9 de haute r\u00e9sistance. Gamme de couleurs vives et vari\u00e9es. Fermeture par \u00e9lastique et poign\u00e9e de transport. *Pour les&#8230;<\/p>\n","protected":false},"featured_media":21779,"template":"","meta":[],"product_cat":[360,464,488],"product_tag":[],"class_list":{"0":"post-21780","1":"product","2":"type-product","3":"status-publish","4":"has-post-thumbnail","6":"product_cat-ete-et-plage","7":"product_cat-mobilier-de-plage","8":"product_cat-natte-de-plage","10":"first","11":"instock","12":"shipping-taxable","13":"purchasable","14":"product-type-simple"},"_links":{"self":[{"href":"https:\/\/www.hapy-com.fr\/echoppe\/wp-json\/wp\/v2\/product\/21780","targetHints":{"allow":["GET"]}}],"collection":[{"href":"https:\/\/www.hapy-com.fr\/echoppe\/wp-json\/wp\/v2\/product"}],"about":[{"href":"https:\/\/www.hapy-com.fr\/echoppe\/wp-json\/wp\/v2\/types\/product"}],"wp:featuredmedia":[{"embeddable":true,"href":"https:\/\/www.hapy-com.fr\/echoppe\/wp-json\/wp\/v2\/media\/21779"}],"wp:attachment":[{"href":"https:\/\/www.hapy-com.fr\/echoppe\/wp-json\/wp\/v2\/media?parent=21780"}],"wp:term":[{"taxonomy":"product_cat","embeddable":true,"href":"https:\/\/www.hapy-com.fr\/echoppe\/wp-json\/wp\/v2\/product_cat?post=21780"},{"taxonomy":"product_tag","embeddable":true,"href":"https:\/\/www.hapy-com.fr\/echoppe\/wp-json\/wp\/v2\/product_tag?post=21780"}],"curies":[{"name":"wp","href":"https:\/\/api.w.org\/{rel}","templated":true}]}}