{"id":21805,"date":"2022-06-24T13:38:12","date_gmt":"2022-06-24T11:38:12","guid":{"rendered":"http:\/\/www.hapy-com.fr\/echoppe\/product\/fourre-tout-flextar\/"},"modified":"2022-07-06T00:08:09","modified_gmt":"2022-07-05T22:08:09","slug":"fourre-tout-flextar","status":"publish","type":"product","link":"https:\/\/www.hapy-com.fr\/echoppe\/product\/fourre-tout-flextar\/","title":{"rendered":"Fourre-Tout Flextar"},"content":{"rendered":"<p>Fourre-tout pratique imperm\u00e9able et gonflable de grande taille. En PVC avec fonction tactile et double syst\u00e8me de s\u00e9curit\u00e9 pour garantir l\u00b4\u00e9tanch\u00e9it\u00e9. Zone de marquage frontale assortie au cordon de transport. Avec accessoire de r\u00e9glage.<\/p>\n","protected":false},"excerpt":{"rendered":"<p>Fourre-tout pratique imperm\u00e9able et gonflable de grande taille. En PVC avec fonction tactile et double syst\u00e8me de s\u00e9curit\u00e9 pour garantir l\u00b4\u00e9tanch\u00e9it\u00e9. Zone de marquage frontale assortie au cordon de transport&#8230;.<\/p>\n","protected":false},"featured_media":21803,"template":"","meta":[],"product_cat":[360,471],"product_tag":[],"class_list":{"0":"post-21805","1":"product","2":"type-product","3":"status-publish","4":"has-post-thumbnail","6":"product_cat-ete-et-plage","7":"product_cat-fourre-tout-accessoires-ete-et-plage","9":"first","10":"instock","11":"shipping-taxable","12":"purchasable","13":"product-type-simple"},"_links":{"self":[{"href":"https:\/\/www.hapy-com.fr\/echoppe\/wp-json\/wp\/v2\/product\/21805","targetHints":{"allow":["GET"]}}],"collection":[{"href":"https:\/\/www.hapy-com.fr\/echoppe\/wp-json\/wp\/v2\/product"}],"about":[{"href":"https:\/\/www.hapy-com.fr\/echoppe\/wp-json\/wp\/v2\/types\/product"}],"wp:featuredmedia":[{"embeddable":true,"href":"https:\/\/www.hapy-com.fr\/echoppe\/wp-json\/wp\/v2\/media\/21803"}],"wp:attachment":[{"href":"https:\/\/www.hapy-com.fr\/echoppe\/wp-json\/wp\/v2\/media?parent=21805"}],"wp:term":[{"taxonomy":"product_cat","embeddable":true,"href":"https:\/\/www.hapy-com.fr\/echoppe\/wp-json\/wp\/v2\/product_cat?post=21805"},{"taxonomy":"product_tag","embeddable":true,"href":"https:\/\/www.hapy-com.fr\/echoppe\/wp-json\/wp\/v2\/product_tag?post=21805"}],"curies":[{"name":"wp","href":"https:\/\/api.w.org\/{rel}","templated":true}]}}