{"id":21822,"date":"2022-06-24T13:38:39","date_gmt":"2022-06-24T11:38:39","guid":{"rendered":"http:\/\/www.hapy-com.fr\/echoppe\/product\/support-berton-5\/"},"modified":"2022-06-24T13:38:39","modified_gmt":"2022-06-24T11:38:39","slug":"support-berton-5","status":"publish","type":"product","link":"https:\/\/www.hapy-com.fr\/echoppe\/product\/support-berton-5\/","title":{"rendered":"Support Berton"},"content":{"rendered":"<p>Support gonflable original pour boisson en forme de beignet donut  mordu. Corps en PVC  propos\u00e9 en plusieurs couleurs vives. Pr\u00e9sent\u00e9 avec un pliage sp\u00e9cial pour l\u00b4impression.<\/p>\n","protected":false},"excerpt":{"rendered":"<p>Support gonflable original pour boisson en forme de beignet donut mordu. Corps en PVC propos\u00e9 en plusieurs couleurs vives. Pr\u00e9sent\u00e9 avec un pliage sp\u00e9cial pour l\u00b4impression.<\/p>\n","protected":false},"featured_media":21821,"template":"","meta":[],"product_cat":[360],"product_tag":[],"class_list":{"0":"post-21822","1":"product","2":"type-product","3":"status-publish","4":"has-post-thumbnail","6":"product_cat-ete-et-plage","8":"first","9":"instock","10":"shipping-taxable","11":"purchasable","12":"product-type-simple"},"_links":{"self":[{"href":"https:\/\/www.hapy-com.fr\/echoppe\/wp-json\/wp\/v2\/product\/21822","targetHints":{"allow":["GET"]}}],"collection":[{"href":"https:\/\/www.hapy-com.fr\/echoppe\/wp-json\/wp\/v2\/product"}],"about":[{"href":"https:\/\/www.hapy-com.fr\/echoppe\/wp-json\/wp\/v2\/types\/product"}],"wp:featuredmedia":[{"embeddable":true,"href":"https:\/\/www.hapy-com.fr\/echoppe\/wp-json\/wp\/v2\/media\/21821"}],"wp:attachment":[{"href":"https:\/\/www.hapy-com.fr\/echoppe\/wp-json\/wp\/v2\/media?parent=21822"}],"wp:term":[{"taxonomy":"product_cat","embeddable":true,"href":"https:\/\/www.hapy-com.fr\/echoppe\/wp-json\/wp\/v2\/product_cat?post=21822"},{"taxonomy":"product_tag","embeddable":true,"href":"https:\/\/www.hapy-com.fr\/echoppe\/wp-json\/wp\/v2\/product_tag?post=21822"}],"curies":[{"name":"wp","href":"https:\/\/api.w.org\/{rel}","templated":true}]}}