{"id":21830,"date":"2022-06-24T13:38:45","date_gmt":"2022-06-24T11:38:45","guid":{"rendered":"http:\/\/www.hapy-com.fr\/echoppe\/product\/support-rechel-4\/"},"modified":"2022-07-05T23:49:02","modified_gmt":"2022-07-05T21:49:02","slug":"support-rechel-4","status":"publish","type":"product","link":"https:\/\/www.hapy-com.fr\/echoppe\/product\/support-rechel-4\/","title":{"rendered":"Support Rechel"},"content":{"rendered":"<p>Support gonflable original pour boisson en forme de bou\u00e9e avec parasol de plage. Corps en PVC propos\u00e9 en plusieurs couleurs vives. Pr\u00e9sent\u00e9 avec un pliage sp\u00e9cial pour l\u00b4impression.<\/p>\n","protected":false},"excerpt":{"rendered":"<p>Support gonflable original pour boisson en forme de bou\u00e9e avec parasol de plage. Corps en PVC propos\u00e9 en plusieurs couleurs vives. Pr\u00e9sent\u00e9 avec un pliage sp\u00e9cial pour l\u00b4impression.<\/p>\n","protected":false},"featured_media":21824,"template":"","meta":[],"product_cat":[360,489],"product_tag":[],"class_list":{"0":"post-21830","1":"product","2":"type-product","3":"status-publish","4":"has-post-thumbnail","6":"product_cat-ete-et-plage","7":"product_cat-parasol","9":"first","10":"instock","11":"shipping-taxable","12":"purchasable","13":"product-type-simple"},"_links":{"self":[{"href":"https:\/\/www.hapy-com.fr\/echoppe\/wp-json\/wp\/v2\/product\/21830","targetHints":{"allow":["GET"]}}],"collection":[{"href":"https:\/\/www.hapy-com.fr\/echoppe\/wp-json\/wp\/v2\/product"}],"about":[{"href":"https:\/\/www.hapy-com.fr\/echoppe\/wp-json\/wp\/v2\/types\/product"}],"wp:featuredmedia":[{"embeddable":true,"href":"https:\/\/www.hapy-com.fr\/echoppe\/wp-json\/wp\/v2\/media\/21824"}],"wp:attachment":[{"href":"https:\/\/www.hapy-com.fr\/echoppe\/wp-json\/wp\/v2\/media?parent=21830"}],"wp:term":[{"taxonomy":"product_cat","embeddable":true,"href":"https:\/\/www.hapy-com.fr\/echoppe\/wp-json\/wp\/v2\/product_cat?post=21830"},{"taxonomy":"product_tag","embeddable":true,"href":"https:\/\/www.hapy-com.fr\/echoppe\/wp-json\/wp\/v2\/product_tag?post=21830"}],"curies":[{"name":"wp","href":"https:\/\/api.w.org\/{rel}","templated":true}]}}