{"id":21878,"date":"2022-06-24T13:39:24","date_gmt":"2022-06-24T11:39:24","guid":{"rendered":"http:\/\/www.hapy-com.fr\/echoppe\/product\/bandelette-lunettes-balian\/"},"modified":"2022-07-06T00:00:02","modified_gmt":"2022-07-05T22:00:02","slug":"bandelette-lunettes-balian","status":"publish","type":"product","link":"https:\/\/www.hapy-com.fr\/echoppe\/product\/bandelette-lunettes-balian\/","title":{"rendered":"Bandelette Lunettes Balian"},"content":{"rendered":"<p>Cordon \u00e0 lunettes avec attaches de s\u00e9curit\u00e9 pour tous types de branches. En polyester r\u00e9sistant de couleurs vives. Marquage sur la surface lisse de l\u00b4accessoire de r\u00e9glage de s\u00e9curit\u00e9.<\/p>\n","protected":false},"excerpt":{"rendered":"<p>Cordon \u00e0 lunettes avec attaches de s\u00e9curit\u00e9 pour tous types de branches. En polyester r\u00e9sistant de couleurs vives. Marquage sur la surface lisse de l\u00b4accessoire de r\u00e9glage de s\u00e9curit\u00e9.<\/p>\n","protected":false},"featured_media":21876,"template":"","meta":[],"product_cat":[481,360],"product_tag":[],"class_list":{"0":"post-21878","1":"product","2":"type-product","3":"status-publish","4":"has-post-thumbnail","6":"product_cat-bandelette","7":"product_cat-ete-et-plage","9":"first","10":"instock","11":"shipping-taxable","12":"purchasable","13":"product-type-simple"},"_links":{"self":[{"href":"https:\/\/www.hapy-com.fr\/echoppe\/wp-json\/wp\/v2\/product\/21878","targetHints":{"allow":["GET"]}}],"collection":[{"href":"https:\/\/www.hapy-com.fr\/echoppe\/wp-json\/wp\/v2\/product"}],"about":[{"href":"https:\/\/www.hapy-com.fr\/echoppe\/wp-json\/wp\/v2\/types\/product"}],"wp:featuredmedia":[{"embeddable":true,"href":"https:\/\/www.hapy-com.fr\/echoppe\/wp-json\/wp\/v2\/media\/21876"}],"wp:attachment":[{"href":"https:\/\/www.hapy-com.fr\/echoppe\/wp-json\/wp\/v2\/media?parent=21878"}],"wp:term":[{"taxonomy":"product_cat","embeddable":true,"href":"https:\/\/www.hapy-com.fr\/echoppe\/wp-json\/wp\/v2\/product_cat?post=21878"},{"taxonomy":"product_tag","embeddable":true,"href":"https:\/\/www.hapy-com.fr\/echoppe\/wp-json\/wp\/v2\/product_tag?post=21878"}],"curies":[{"name":"wp","href":"https:\/\/api.w.org\/{rel}","templated":true}]}}