{"id":21896,"date":"2022-06-24T13:39:39","date_gmt":"2022-06-24T11:39:39","guid":{"rendered":"http:\/\/www.hapy-com.fr\/echoppe\/product\/natte-de-plage-buren\/"},"modified":"2022-07-05T23:47:19","modified_gmt":"2022-07-05T21:47:19","slug":"natte-de-plage-buren","status":"publish","type":"product","link":"https:\/\/www.hapy-com.fr\/echoppe\/product\/natte-de-plage-buren\/","title":{"rendered":"Natte de Plage Buren"},"content":{"rendered":"<p>Natte de plage pliante de grande taille.Dimensions 180 x 70 cm en intiss\u00e9 r\u00e9sistant lamin\u00e9 disponible dans une vari\u00e9t\u00e9 de couleurs vives. Avec fermeture velcro et anse de transport.<\/p>\n","protected":false},"excerpt":{"rendered":"<p>Natte de plage pliante de grande taille.Dimensions 180 x 70 cm en intiss\u00e9 r\u00e9sistant lamin\u00e9 disponible dans une vari\u00e9t\u00e9 de couleurs vives. Avec fermeture velcro et anse de transport.<\/p>\n","protected":false},"featured_media":21894,"template":"","meta":[],"product_cat":[360,464,488],"product_tag":[],"class_list":{"0":"post-21896","1":"product","2":"type-product","3":"status-publish","4":"has-post-thumbnail","6":"product_cat-ete-et-plage","7":"product_cat-mobilier-de-plage","8":"product_cat-natte-de-plage","10":"first","11":"instock","12":"shipping-taxable","13":"purchasable","14":"product-type-simple"},"_links":{"self":[{"href":"https:\/\/www.hapy-com.fr\/echoppe\/wp-json\/wp\/v2\/product\/21896","targetHints":{"allow":["GET"]}}],"collection":[{"href":"https:\/\/www.hapy-com.fr\/echoppe\/wp-json\/wp\/v2\/product"}],"about":[{"href":"https:\/\/www.hapy-com.fr\/echoppe\/wp-json\/wp\/v2\/types\/product"}],"wp:featuredmedia":[{"embeddable":true,"href":"https:\/\/www.hapy-com.fr\/echoppe\/wp-json\/wp\/v2\/media\/21894"}],"wp:attachment":[{"href":"https:\/\/www.hapy-com.fr\/echoppe\/wp-json\/wp\/v2\/media?parent=21896"}],"wp:term":[{"taxonomy":"product_cat","embeddable":true,"href":"https:\/\/www.hapy-com.fr\/echoppe\/wp-json\/wp\/v2\/product_cat?post=21896"},{"taxonomy":"product_tag","embeddable":true,"href":"https:\/\/www.hapy-com.fr\/echoppe\/wp-json\/wp\/v2\/product_tag?post=21896"}],"curies":[{"name":"wp","href":"https:\/\/api.w.org\/{rel}","templated":true}]}}