{"id":21905,"date":"2022-06-24T13:39:47","date_gmt":"2022-06-24T11:39:47","guid":{"rendered":"http:\/\/www.hapy-com.fr\/echoppe\/product\/pare-soleil-falnit\/"},"modified":"2022-06-24T13:39:47","modified_gmt":"2022-06-24T11:39:47","slug":"pare-soleil-falnit","status":"publish","type":"product","link":"https:\/\/www.hapy-com.fr\/echoppe\/product\/pare-soleil-falnit\/","title":{"rendered":"Pare-Soleil Falnit"},"content":{"rendered":"<p>Pare-soleil en aluminium avec bulles sur les deux c\u00f4t\u00e9s en coloris argent m\u00e9tallis\u00e9 et liser\u00e9 noir. Dimensions 130 x 80cm, avec anneaux de renfort en m\u00e9tal, sangles \u00e9lastiques pour le pliage et deux ventouses pour la fixation. Livr\u00e9 \u00e0 plat pour faciliter l\u00b4impression.<\/p>\n","protected":false},"excerpt":{"rendered":"<p>Pare-soleil en aluminium avec bulles sur les deux c\u00f4t\u00e9s en coloris argent m\u00e9tallis\u00e9 et liser\u00e9 noir. Dimensions 130 x 80cm, avec anneaux de renfort en m\u00e9tal, sangles \u00e9lastiques pour le&#8230;<\/p>\n","protected":false},"featured_media":21904,"template":"","meta":[],"product_cat":[360],"product_tag":[],"class_list":{"0":"post-21905","1":"product","2":"type-product","3":"status-publish","4":"has-post-thumbnail","6":"product_cat-ete-et-plage","8":"first","9":"instock","10":"shipping-taxable","11":"purchasable","12":"product-type-simple"},"_links":{"self":[{"href":"https:\/\/www.hapy-com.fr\/echoppe\/wp-json\/wp\/v2\/product\/21905","targetHints":{"allow":["GET"]}}],"collection":[{"href":"https:\/\/www.hapy-com.fr\/echoppe\/wp-json\/wp\/v2\/product"}],"about":[{"href":"https:\/\/www.hapy-com.fr\/echoppe\/wp-json\/wp\/v2\/types\/product"}],"wp:featuredmedia":[{"embeddable":true,"href":"https:\/\/www.hapy-com.fr\/echoppe\/wp-json\/wp\/v2\/media\/21904"}],"wp:attachment":[{"href":"https:\/\/www.hapy-com.fr\/echoppe\/wp-json\/wp\/v2\/media?parent=21905"}],"wp:term":[{"taxonomy":"product_cat","embeddable":true,"href":"https:\/\/www.hapy-com.fr\/echoppe\/wp-json\/wp\/v2\/product_cat?post=21905"},{"taxonomy":"product_tag","embeddable":true,"href":"https:\/\/www.hapy-com.fr\/echoppe\/wp-json\/wp\/v2\/product_tag?post=21905"}],"curies":[{"name":"wp","href":"https:\/\/api.w.org\/{rel}","templated":true}]}}