{"id":21907,"date":"2022-06-24T13:39:48","date_gmt":"2022-06-24T11:39:48","guid":{"rendered":"http:\/\/www.hapy-com.fr\/echoppe\/product\/pare-soleil-belgiox\/"},"modified":"2022-06-24T13:39:48","modified_gmt":"2022-06-24T11:39:48","slug":"pare-soleil-belgiox","status":"publish","type":"product","link":"https:\/\/www.hapy-com.fr\/echoppe\/product\/pare-soleil-belgiox\/","title":{"rendered":"Pare-Soleil Belgiox"},"content":{"rendered":"<p>Pare-soleil en aluminium avec bulles sur les deux c\u00f4t\u00e9s en coloris argent m\u00e9tallis\u00e9 et liser\u00e9 noir. Grande taille de 180 x 90cm, avec anneaux de renfort en m\u00e9tal, sangles \u00e9lastiques pour le pliage et deux ventouses pour la fixation. Livr\u00e9 \u00e0 plat pour faciliter l\u00b4impression.<\/p>\n","protected":false},"excerpt":{"rendered":"<p>Pare-soleil en aluminium avec bulles sur les deux c\u00f4t\u00e9s en coloris argent m\u00e9tallis\u00e9 et liser\u00e9 noir. Grande taille de 180 x 90cm, avec anneaux de renfort en m\u00e9tal, sangles \u00e9lastiques&#8230;<\/p>\n","protected":false},"featured_media":21906,"template":"","meta":[],"product_cat":[360],"product_tag":[],"class_list":{"0":"post-21907","1":"product","2":"type-product","3":"status-publish","4":"has-post-thumbnail","6":"product_cat-ete-et-plage","8":"first","9":"instock","10":"shipping-taxable","11":"purchasable","12":"product-type-simple"},"_links":{"self":[{"href":"https:\/\/www.hapy-com.fr\/echoppe\/wp-json\/wp\/v2\/product\/21907","targetHints":{"allow":["GET"]}}],"collection":[{"href":"https:\/\/www.hapy-com.fr\/echoppe\/wp-json\/wp\/v2\/product"}],"about":[{"href":"https:\/\/www.hapy-com.fr\/echoppe\/wp-json\/wp\/v2\/types\/product"}],"wp:featuredmedia":[{"embeddable":true,"href":"https:\/\/www.hapy-com.fr\/echoppe\/wp-json\/wp\/v2\/media\/21906"}],"wp:attachment":[{"href":"https:\/\/www.hapy-com.fr\/echoppe\/wp-json\/wp\/v2\/media?parent=21907"}],"wp:term":[{"taxonomy":"product_cat","embeddable":true,"href":"https:\/\/www.hapy-com.fr\/echoppe\/wp-json\/wp\/v2\/product_cat?post=21907"},{"taxonomy":"product_tag","embeddable":true,"href":"https:\/\/www.hapy-com.fr\/echoppe\/wp-json\/wp\/v2\/product_tag?post=21907"}],"curies":[{"name":"wp","href":"https:\/\/api.w.org\/{rel}","templated":true}]}}